{"id":57,"date":"2018-11-30T20:46:43","date_gmt":"2018-11-30T22:46:43","guid":{"rendered":"http:\/\/localhost\/cdh\/?page_id=57"},"modified":"2020-11-11T18:10:16","modified_gmt":"2020-11-11T21:10:16","slug":"outras-producoes","status":"publish","type":"page","link":"https:\/\/clinicadh.direito.ufmg.br\/index.php\/outras-producoes\/","title":{"rendered":"Outras Produ\u00e7\u00f5es"},"content":{"rendered":"<p>&nbsp;<\/p>\n<table style=\"width: 100%; height: 666px;\">\n<tbody>\n<tr style=\"height: 111px;\">\n<td style=\"height: 111px;\">\n<h3 class=\"font_8\">Cartilha<\/span><\/h3>\n<h4 class=\"font_8\"><a href=\"https:\/\/issuu.com\/clinicadedireitoshumanosdaufmg\/docs\/cartilha_retifica____o_pronta\" target=\"_blank\" rel=\"noopener noreferrer\">Retifica\u00e7\u00e3o de Registro Civil para Travestis e Transexuais<\/a> [2016]<\/h4>\n<h4 class=\"font_8\"><a href=\"https:\/\/www.facebook.com\/pg\/cdhufmg\/photos\/?tab=album&amp;album_id=726457367510085\" target=\"_blank\" rel=\"noopener noreferrer\">Web R\u00e1dios e Podcasts<\/a> [2016]<\/h4>\n<h4 class=\"font_8\"><a href=\"https:\/\/issuu.com\/clinicadedireitoshumanosdaufmg\/docs\/cartilha_-_pornografia_vers__o_onli\" target=\"_blank\" rel=\"noopener noreferrer\">Pornografia N\u00e3o Concensual<\/a> [2016]<\/h4>\n<\/td>\n<\/tr>\n<tr style=\"height: 111px;\">\n<td style=\"height: 111px;\">\n<h3 class=\"font_8\">Manifesta\u00e7\u00e3o<\/h3>\n<h4 class=\"font_8\"><a href=\"https:\/\/www.dropbox.com\/s\/hnxx0xul0eqr7n9\/Manifesta%C3%A7%C3%A3o%20da%20Cl%C3%ADnica%20de%20Direitos%20Humanos%20da%20UFMG%20acerca%20do%20XIX%20Exame%20da%20OAB%20.pdf?dl=0\">Cl\u00ednica de Direitos Humanos da UFMG \u00a0acerca do XIX Exame da OAB<\/a><\/h4>\n<\/td>\n<\/tr>\n<tr style=\"height: 111px;\">\n<td style=\"height: 111px;\">\n<h3 class=\"font_8\">P\u00edlula Educativa (\u00e1udio)<\/h3>\n<h4 class=\"font_8\"><a href=\"https:\/\/soundcloud.com\/user-256385673\/pilula-radios-comunitarias\" target=\"_blank\" rel=\"noopener noreferrer\">Concess\u00f5es de R\u00e1dios Comunit\u00e1rias<\/a> [2016]<\/h4>\n<h4 class=\"font_8\"><a href=\"https:\/\/soundcloud.com\/user-256385673\/pilula-pornografia-nao-consensual\" target=\"_blank\" rel=\"noopener noreferrer\">Pornografia N\u00e3o Concensual <\/a>[2016]<\/h4>\n<h4 class=\"font_8\">\u00a0<a href=\"https:\/\/soundcloud.com\/user-256385673\/pilula-discurso-de-odio\" target=\"_blank\" rel=\"noopener noreferrer\">Discurso de \u00d3dio <\/a>[2016]<\/h4>\n<h4 class=\"font_8\"><a href=\"https:\/\/soundcloud.com\/user-256385673\/pilula-legistica\" target=\"_blank\" rel=\"noopener noreferrer\">Leg\u00edstica <\/a>[2016]<\/h4>\n<h4 class=\"font_8\"><\/h4>\n<\/td>\n<\/tr>\n<\/tbody>\n<\/table>\n<p>&nbsp;<\/p>\n","protected":false},"excerpt":{"rendered":"<p>&nbsp; Cartilha Retifica\u00e7\u00e3o de Registro Civil para Travestis e Transexuais [2016] Web R\u00e1dios e Podcasts [2016] Pornografia N\u00e3o Concensual [2016] Manifesta\u00e7\u00e3o Cl\u00ednica de Direitos Humanos da UFMG \u00a0acerca do XIX Exame da OAB P\u00edlula Educativa (\u00e1udio) Concess\u00f5es de R\u00e1dios Comunit\u00e1rias [2016] Pornografia N\u00e3o Concensual [2016] \u00a0Discurso de \u00d3dio [2016] Leg\u00edstica [2016] &nbsp;<\/p>\n","protected":false},"author":1,"featured_media":0,"parent":0,"menu_order":0,"comment_status":"closed","ping_status":"closed","template":"","meta":{"footnotes":""},"class_list":["post-57","page","type-page","status-publish","hentry"],"yoast_head":"<!-- This site is optimized with the Yoast SEO plugin v25.3 - https:\/\/yoast.com\/wordpress\/plugins\/seo\/ -->\n<title>Outras Produ\u00e7\u00f5es - Cl\u00ednica de Direitos Humanos da UFMG<\/title>\n<meta name=\"robots\" content=\"index, follow, max-snippet:-1, max-image-preview:large, max-video-preview:-1\" \/>\n<link rel=\"canonical\" href=\"https:\/\/clinicadh.direito.ufmg.br\/index.php\/outras-producoes\/\" \/>\n<meta property=\"og:locale\" content=\"pt_BR\" \/>\n<meta property=\"og:type\" content=\"article\" \/>\n<meta property=\"og:title\" content=\"Outras Produ\u00e7\u00f5es - Cl\u00ednica de Direitos Humanos da UFMG\" \/>\n<meta property=\"og:description\" content=\"&nbsp; Cartilha Retifica\u00e7\u00e3o de Registro Civil para Travestis e Transexuais [2016] Web R\u00e1dios e Podcasts [2016] Pornografia N\u00e3o Concensual [2016] Manifesta\u00e7\u00e3o Cl\u00ednica de Direitos Humanos da UFMG \u00a0acerca do XIX Exame da OAB P\u00edlula Educativa (\u00e1udio) Concess\u00f5es de R\u00e1dios Comunit\u00e1rias [2016] Pornografia N\u00e3o Concensual [2016] \u00a0Discurso de \u00d3dio [2016] Leg\u00edstica [2016] &nbsp;\" \/>\n<meta property=\"og:url\" content=\"https:\/\/clinicadh.direito.ufmg.br\/index.php\/outras-producoes\/\" \/>\n<meta property=\"og:site_name\" content=\"Cl\u00ednica de Direitos Humanos da UFMG\" \/>\n<meta property=\"article:publisher\" content=\"https:\/\/www.facebook.com\/cdhufmg\/?eid=ARBDSQLce69q0_8v--9A5W6uQzSMctjXi-aHCPLj-fZRI0TKZQaBy-H1YgM9D-FJc2tGPQyTyAg3EYce\" \/>\n<meta property=\"article:modified_time\" content=\"2020-11-11T21:10:16+00:00\" \/>\n<meta name=\"twitter:card\" content=\"summary_large_image\" \/>\n<script type=\"application\/ld+json\" class=\"yoast-schema-graph\">{\"@context\":\"https:\/\/schema.org\",\"@graph\":[{\"@type\":\"WebPage\",\"@id\":\"https:\/\/clinicadh.direito.ufmg.br\/index.php\/outras-producoes\/\",\"url\":\"https:\/\/clinicadh.direito.ufmg.br\/index.php\/outras-producoes\/\",\"name\":\"Outras Produ\u00e7\u00f5es - Cl\u00ednica de Direitos Humanos da UFMG\",\"isPartOf\":{\"@id\":\"https:\/\/clinicadh.direito.ufmg.br\/#website\"},\"datePublished\":\"2018-11-30T22:46:43+00:00\",\"dateModified\":\"2020-11-11T21:10:16+00:00\",\"breadcrumb\":{\"@id\":\"https:\/\/clinicadh.direito.ufmg.br\/index.php\/outras-producoes\/#breadcrumb\"},\"inLanguage\":\"pt-BR\",\"potentialAction\":[{\"@type\":\"ReadAction\",\"target\":[\"https:\/\/clinicadh.direito.ufmg.br\/index.php\/outras-producoes\/\"]}]},{\"@type\":\"BreadcrumbList\",\"@id\":\"https:\/\/clinicadh.direito.ufmg.br\/index.php\/outras-producoes\/#breadcrumb\",\"itemListElement\":[{\"@type\":\"ListItem\",\"position\":1,\"name\":\"In\u00edcio\",\"item\":\"https:\/\/clinicadh.direito.ufmg.br\/\"},{\"@type\":\"ListItem\",\"position\":2,\"name\":\"Outras Produ\u00e7\u00f5es\"}]},{\"@type\":\"WebSite\",\"@id\":\"https:\/\/clinicadh.direito.ufmg.br\/#website\",\"url\":\"https:\/\/clinicadh.direito.ufmg.br\/\",\"name\":\"Cl\u00ednica de Direitos Humanos da UFMG\",\"description\":\"Cl\u00ednica de Direitos Humanos da Universidade Federal de Minas Gerais\",\"publisher\":{\"@id\":\"https:\/\/clinicadh.direito.ufmg.br\/#organization\"},\"potentialAction\":[{\"@type\":\"SearchAction\",\"target\":{\"@type\":\"EntryPoint\",\"urlTemplate\":\"https:\/\/clinicadh.direito.ufmg.br\/?s={search_term_string}\"},\"query-input\":{\"@type\":\"PropertyValueSpecification\",\"valueRequired\":true,\"valueName\":\"search_term_string\"}}],\"inLanguage\":\"pt-BR\"},{\"@type\":\"Organization\",\"@id\":\"https:\/\/clinicadh.direito.ufmg.br\/#organization\",\"name\":\"Cl\u00ednica de Direitos Humanos da UFMG\",\"url\":\"https:\/\/clinicadh.direito.ufmg.br\/\",\"logo\":{\"@type\":\"ImageObject\",\"inLanguage\":\"pt-BR\",\"@id\":\"https:\/\/clinicadh.direito.ufmg.br\/#\/schema\/logo\/image\/\",\"url\":\"https:\/\/clinicadh.direito.ufmg.br\/wp-content\/uploads\/2015\/06\/c.jpg\",\"contentUrl\":\"https:\/\/clinicadh.direito.ufmg.br\/wp-content\/uploads\/2015\/06\/c.jpg\",\"width\":1200,\"height\":500,\"caption\":\"Cl\u00ednica de Direitos Humanos da UFMG\"},\"image\":{\"@id\":\"https:\/\/clinicadh.direito.ufmg.br\/#\/schema\/logo\/image\/\"},\"sameAs\":[\"https:\/\/www.facebook.com\/cdhufmg\/?eid=ARBDSQLce69q0_8v--9A5W6uQzSMctjXi-aHCPLj-fZRI0TKZQaBy-H1YgM9D-FJc2tGPQyTyAg3EYce\"]}]}<\/script>\n<!-- \/ Yoast SEO plugin. -->","yoast_head_json":{"title":"Outras Produ\u00e7\u00f5es - Cl\u00ednica de Direitos Humanos da UFMG","robots":{"index":"index","follow":"follow","max-snippet":"max-snippet:-1","max-image-preview":"max-image-preview:large","max-video-preview":"max-video-preview:-1"},"canonical":"https:\/\/clinicadh.direito.ufmg.br\/index.php\/outras-producoes\/","og_locale":"pt_BR","og_type":"article","og_title":"Outras Produ\u00e7\u00f5es - Cl\u00ednica de Direitos Humanos da UFMG","og_description":"&nbsp; Cartilha Retifica\u00e7\u00e3o de Registro Civil para Travestis e Transexuais [2016] Web R\u00e1dios e Podcasts [2016] Pornografia N\u00e3o Concensual [2016] Manifesta\u00e7\u00e3o Cl\u00ednica de Direitos Humanos da UFMG \u00a0acerca do XIX Exame da OAB P\u00edlula Educativa (\u00e1udio) Concess\u00f5es de R\u00e1dios Comunit\u00e1rias [2016] Pornografia N\u00e3o Concensual [2016] \u00a0Discurso de \u00d3dio [2016] Leg\u00edstica [2016] &nbsp;","og_url":"https:\/\/clinicadh.direito.ufmg.br\/index.php\/outras-producoes\/","og_site_name":"Cl\u00ednica de Direitos Humanos da UFMG","article_publisher":"https:\/\/www.facebook.com\/cdhufmg\/?eid=ARBDSQLce69q0_8v--9A5W6uQzSMctjXi-aHCPLj-fZRI0TKZQaBy-H1YgM9D-FJc2tGPQyTyAg3EYce","article_modified_time":"2020-11-11T21:10:16+00:00","twitter_card":"summary_large_image","schema":{"@context":"https:\/\/schema.org","@graph":[{"@type":"WebPage","@id":"https:\/\/clinicadh.direito.ufmg.br\/index.php\/outras-producoes\/","url":"https:\/\/clinicadh.direito.ufmg.br\/index.php\/outras-producoes\/","name":"Outras Produ\u00e7\u00f5es - Cl\u00ednica de Direitos Humanos da UFMG","isPartOf":{"@id":"https:\/\/clinicadh.direito.ufmg.br\/#website"},"datePublished":"2018-11-30T22:46:43+00:00","dateModified":"2020-11-11T21:10:16+00:00","breadcrumb":{"@id":"https:\/\/clinicadh.direito.ufmg.br\/index.php\/outras-producoes\/#breadcrumb"},"inLanguage":"pt-BR","potentialAction":[{"@type":"ReadAction","target":["https:\/\/clinicadh.direito.ufmg.br\/index.php\/outras-producoes\/"]}]},{"@type":"BreadcrumbList","@id":"https:\/\/clinicadh.direito.ufmg.br\/index.php\/outras-producoes\/#breadcrumb","itemListElement":[{"@type":"ListItem","position":1,"name":"In\u00edcio","item":"https:\/\/clinicadh.direito.ufmg.br\/"},{"@type":"ListItem","position":2,"name":"Outras Produ\u00e7\u00f5es"}]},{"@type":"WebSite","@id":"https:\/\/clinicadh.direito.ufmg.br\/#website","url":"https:\/\/clinicadh.direito.ufmg.br\/","name":"Cl\u00ednica de Direitos Humanos da UFMG","description":"Cl\u00ednica de Direitos Humanos da Universidade Federal de Minas Gerais","publisher":{"@id":"https:\/\/clinicadh.direito.ufmg.br\/#organization"},"potentialAction":[{"@type":"SearchAction","target":{"@type":"EntryPoint","urlTemplate":"https:\/\/clinicadh.direito.ufmg.br\/?s={search_term_string}"},"query-input":{"@type":"PropertyValueSpecification","valueRequired":true,"valueName":"search_term_string"}}],"inLanguage":"pt-BR"},{"@type":"Organization","@id":"https:\/\/clinicadh.direito.ufmg.br\/#organization","name":"Cl\u00ednica de Direitos Humanos da UFMG","url":"https:\/\/clinicadh.direito.ufmg.br\/","logo":{"@type":"ImageObject","inLanguage":"pt-BR","@id":"https:\/\/clinicadh.direito.ufmg.br\/#\/schema\/logo\/image\/","url":"https:\/\/clinicadh.direito.ufmg.br\/wp-content\/uploads\/2015\/06\/c.jpg","contentUrl":"https:\/\/clinicadh.direito.ufmg.br\/wp-content\/uploads\/2015\/06\/c.jpg","width":1200,"height":500,"caption":"Cl\u00ednica de Direitos Humanos da UFMG"},"image":{"@id":"https:\/\/clinicadh.direito.ufmg.br\/#\/schema\/logo\/image\/"},"sameAs":["https:\/\/www.facebook.com\/cdhufmg\/?eid=ARBDSQLce69q0_8v--9A5W6uQzSMctjXi-aHCPLj-fZRI0TKZQaBy-H1YgM9D-FJc2tGPQyTyAg3EYce"]}]}},"_links":{"self":[{"href":"https:\/\/clinicadh.direito.ufmg.br\/index.php\/wp-json\/wp\/v2\/pages\/57","targetHints":{"allow":["GET"]}}],"collection":[{"href":"https:\/\/clinicadh.direito.ufmg.br\/index.php\/wp-json\/wp\/v2\/pages"}],"about":[{"href":"https:\/\/clinicadh.direito.ufmg.br\/index.php\/wp-json\/wp\/v2\/types\/page"}],"author":[{"embeddable":true,"href":"https:\/\/clinicadh.direito.ufmg.br\/index.php\/wp-json\/wp\/v2\/users\/1"}],"replies":[{"embeddable":true,"href":"https:\/\/clinicadh.direito.ufmg.br\/index.php\/wp-json\/wp\/v2\/comments?post=57"}],"version-history":[{"count":0,"href":"https:\/\/clinicadh.direito.ufmg.br\/index.php\/wp-json\/wp\/v2\/pages\/57\/revisions"}],"wp:attachment":[{"href":"https:\/\/clinicadh.direito.ufmg.br\/index.php\/wp-json\/wp\/v2\/media?parent=57"}],"curies":[{"name":"wp","href":"https:\/\/api.w.org\/{rel}","templated":true}]}}