{"id":55,"date":"2018-11-30T20:46:43","date_gmt":"2018-11-30T22:46:43","guid":{"rendered":"http:\/\/localhost\/cdh\/?page_id=55"},"modified":"2023-10-20T15:17:46","modified_gmt":"2023-10-20T18:17:46","slug":"academicas","status":"publish","type":"page","link":"https:\/\/clinicadh.direito.ufmg.br\/index.php\/academicas\/","title":{"rendered":"Produ\u00e7\u00f5es Acad\u00eamicas"},"content":{"rendered":"<div id=\"comp-j8kblopr\" class=\"txtNew\" data-packed=\"true\">\n<h3>ANAIS DO VI F\u00d3RUM NACIONAL DE CL\u00cdNICAS JUR\u00cdDICAS<\/h3>\n<p>&#8230;&#8230;.Texto publicado: <a href=\"https:\/\/drive.google.com\/file\/d\/1DDWiWEBUoJxOJFTsEzPgrp4G8jZbx7NO\/view?usp=share_linkk\" target=\"_blank\" rel=\"noopener noreferrer\">Anais do VI F\u00f3rum Nacional de Cl\u00ednicas Jur\u00eddicas<\/a><\/p>\n<h3><\/h3>\n<h3>CONDI\u00c7\u00d5ES PARA O EXERC\u00cdCIO DE DIREITOS SEXUAIS E REPRODUTIVOS DE MULHERES USU\u00c1RIAS DE DROGAS EM BELO HORIZONTE\/MG (2023)<\/h3>\n<p>&#8230;&#8230;.<a href=\"https:\/\/drive.google.com\/file\/d\/1eF7uENCBgOpXDh8wsPO8KUAuyDpxT_lR\/view?usp=share_link\">Relat\u00f3rio de pesquisa\u00a0<\/a><\/p>\n<\/div>\n<p>&nbsp;<\/p>\n<div class=\"txtNew\" data-packed=\"true\">\n<h3 class=\"font_8\"><span class=\"wixGuard\">Artigo em Revista<\/span><\/h3>\n<p><a href=\"http:\/\/revista.redeunida.org.br\/ojs\/index.php\/rede-unida\/issue\/view\/V.%204%2C%20Suplemento%202%20-%20Anais%20do%2013%C2%BA%20Congresso%20Internacional%20da%20Rede%20Unida\/showToc\">Atua\u00e7\u00e3o estrat\u00e9gica em direitos humanos contra o afastamento arbitr\u00e1rio de beb\u00eas do conv\u00edvio familiar: reflex\u00f5es sobre a pr\u00e1tica.<\/a><\/p>\n<\/div>\n<p>&#8230;&#8230;.<span class=\"il\">Amanda<\/span>\u00a0Naves Drummond;\u00a0Andressa Freitas Martins;\u00a0Daniela Bicalho Godoy;\u00a0Julia Dinardi Alves Pinto.<\/p>\n<div id=\"comp-j8kblopr\" class=\"txtNew\" data-packed=\"true\">\n<h3><\/h3>\n<h3>UM SUJEITO PELA METADE DE DIREITOS<\/h3>\n<p>&#8230;&#8230;.Cap\u00edtulo do livro: &#8220;<a href=\"http:\/\/site.cfp.org.br\/wp-content\/uploads\/2016\/08\/CFP_Livro_ECA-web.pdf\" target=\"_blank\" rel=\"noopener noreferrer\">ESTATUTO DA CRIAN\u00c7A E DO ADOLESCENTE: refletindo sobre sujeitos, direitos e responsabilidades<\/a>&#8221;<br \/>\n&#8230;&#8230;.Camila Silva Nic\u00e1cio e J\u00falia Silva [2016]<\/p>\n<\/div>\n<div class=\"txtNew\" data-packed=\"true\">\n<h2><\/h2>\n<h3>MEDIDAS SOCIOEDUCATIVAS E ADOLESCENTES TRANS: Dos Impasses Institucionais ao Reconhecimento de Direitos<\/h3>\n<p>&#8230;&#8230;.Artigo: <a href=\"https:\/\/www.ufmg.br\/proex\/revistainterfaces\/index.php\/IREXT\/article\/view\/148\" target=\"_blank\" rel=\"noopener noreferrer\">INTERFACES &#8211; Revista de extens\u00e3o da UFMG<\/a><br \/>\n&#8230;&#8230;.J\u00falia Silva Vidal e Ra\u00edssa Lott Caldeira da Cunha [2016]<\/p>\n<h6><\/h6>\n<h3>DA IMPRECIS\u00c3O DAS PALAVRAS AO \u00d3DIO DO DISCURSO<\/h3>\n<p>&#8230;&#8230;.Texto publicado: <a href=\"https:\/\/www.dropbox.com\/s\/e6osc3ds5g7dymo\/Artigo%20-%20Da%20imprecis%C3%A3o%20das%20palavras%20ao%20%C3%B3dio%20do%20discurso.pdf?dl=0\" target=\"_blank\" rel=\"noopener noreferrer\">JORNAL VOZ ACAD\u00caMICA<\/a><br \/>\n&#8230;&#8230;.Andressa Martins. Jo\u00e3o Vitor Miranda. Lucas Parreira [2016]<\/p>\n<h6><\/h6>\n<h3>SEMANA DO CONHECIMENTO UFMG 2016 &#8211; ( P\u00d4STERES )<\/h3>\n<p>&#8230;&#8230;.P\u00f4ster: <a href=\"https:\/\/www.dropbox.com\/s\/qyoi9ulkojs4qxl\/Programa%20Piloto%20Humaniza%C3%A7%C3%A3o%20e%20Justi%C3%A7a%20Cl%C3%ADnica%20de%20Direitos%20Humanos%20da%20UFMG.pdf?dl=0\" target=\"_blank\" rel=\"noopener noreferrer\">PROGRAMA PILOTO: Humaniza\u00e7\u00e3o e Justi\u00e7a.<\/a><br \/>\n&#8230;&#8230;.P\u00f4ster: <a href=\"https:\/\/www.dropbox.com\/s\/qyoi9ulkojs4qxl\/Programa%20Piloto%20Humaniza%C3%A7%C3%A3o%20e%20Justi%C3%A7a%20Cl%C3%ADnica%20de%20Direitos%20Humanos%20da%20UFMG.pdf?dl=0\" target=\"_blank\" rel=\"noopener noreferrer\">G\u00caNERO E ESCOLA: Interface Necess\u00e1ria.<\/a><br \/>\n&#8230;&#8230;.P\u00f4ster: <a href=\"https:\/\/www.dropbox.com\/s\/qyoi9ulkojs4qxl\/Programa%20Piloto%20Humaniza%C3%A7%C3%A3o%20e%20Justi%C3%A7a%20Cl%C3%ADnica%20de%20Direitos%20Humanos%20da%20UFMG.pdf?dl=0\" target=\"_blank\" rel=\"noopener noreferrer\">DIREITOS HUMANOS E EFETIVA\u00c7\u00c3O DE CIDADANIA: Retifica\u00e7\u00e3o de Registro Civil e de G\u00eanero para Travestis e Transexuais.<\/a><br \/>\n&#8230;&#8230;.P\u00f4ster: <a href=\"http:\/\/localhost\/cdh\/wp-content\/uploads\/2019\/02\/pubac-poster-dir-hum-lit-est-e-imer-cultural.pdf\" target=\"_blank\" rel=\"noopener noreferrer\">PELOS CAMINHOS DA IMIGRA\u00c7\u00c3O: Direitos Humanos, Litig\u00e2ncia estrat\u00e9gica e Imers\u00e3o Cultural.<\/a><br \/>\n&#8230;&#8230;.P\u00f4ster: <a href=\"https:\/\/www.dropbox.com\/s\/qyoi9ulkojs4qxl\/Programa%20Piloto%20Humaniza%C3%A7%C3%A3o%20e%20Justi%C3%A7a%20Cl%C3%ADnica%20de%20Direitos%20Humanos%20da%20UFMG.pdf?dl=0\" target=\"_blank\" rel=\"noopener noreferrer\">O CASO KRENAK: Litig\u00e2ncia Estrat\u00e9gica e Busca por Repara\u00e7\u00f5es.<\/a><br \/>\n&#8230;&#8230;.P\u00f4ster: <a href=\"https:\/\/www.dropbox.com\/s\/qyoi9ulkojs4qxl\/Programa%20Piloto%20Humaniza%C3%A7%C3%A3o%20e%20Justi%C3%A7a%20Cl%C3%ADnica%20de%20Direitos%20Humanos%20da%20UFMG.pdf?dl=0\" target=\"_blank\" rel=\"noopener noreferrer\">INCUBADORA DE EMPRESA E DIREITOS HUMANOS: Parcerias em Tecnologia Social no Quadro do novo Marco de C, T &amp; I.<\/a><\/p>\n<\/div>\n<p>&nbsp;<\/p>\n","protected":false},"excerpt":{"rendered":"<p>ANAIS DO VI F\u00d3RUM NACIONAL DE CL\u00cdNICAS JUR\u00cdDICAS &#8230;&#8230;.Texto publicado: Anais do VI F\u00f3rum Nacional de Cl\u00ednicas Jur\u00eddicas CONDI\u00c7\u00d5ES PARA O EXERC\u00cdCIO DE DIREITOS SEXUAIS E REPRODUTIVOS DE MULHERES USU\u00c1RIAS DE DROGAS EM BELO HORIZONTE\/MG (2023) &#8230;&#8230;.Relat\u00f3rio de pesquisa\u00a0 &nbsp; Artigo em Revista Atua\u00e7\u00e3o estrat\u00e9gica em direitos humanos contra o afastamento arbitr\u00e1rio de beb\u00eas do conv\u00edvio familiar: reflex\u00f5es sobre a pr\u00e1tica. &#8230;&#8230;.Amanda\u00a0Naves Drummond;\u00a0Andressa Freitas Martins;\u00a0Daniela Bicalho Godoy;\u00a0Julia Dinardi Alves Pinto. UM SUJEITO PELA METADE DE DIREITOS &#8230;&#8230;.Cap\u00edtulo do livro: &#8220;ESTATUTO DA CRIAN\u00c7A E DO ADOLESCENTE: refletindo sobre sujeitos, direitos e responsabilidades&#8221; &#8230;&#8230;.Camila Silva Nic\u00e1cio e J\u00falia Silva [2016] MEDIDAS SOCIOEDUCATIVAS E ADOLESCENTES TRANS: Dos Impasses Institucionais ao Reconhecimento de Direitos &#8230;&#8230;.Artigo: INTERFACES &#8211; Revista de extens\u00e3o da UFMG &#8230;&#8230;.J\u00falia Silva Vidal e Ra\u00edssa Lott Caldeira da Cunha [2016] DA IMPRECIS\u00c3O DAS PALAVRAS AO \u00d3DIO DO DISCURSO &#8230;&#8230;.Texto publicado: JORNAL VOZ ACAD\u00caMICA &#8230;&#8230;.Andressa Martins. Jo\u00e3o Vitor Miranda. Lucas Parreira [2016] SEMANA DO CONHECIMENTO UFMG 2016 &#8211; ( P\u00d4STERES ) &#8230;&#8230;.P\u00f4ster: PROGRAMA PILOTO: Humaniza\u00e7\u00e3o e Justi\u00e7a. &#8230;&#8230;.P\u00f4ster: G\u00caNERO E ESCOLA: Interface Necess\u00e1ria. &#8230;&#8230;.P\u00f4ster: DIREITOS HUMANOS E EFETIVA\u00c7\u00c3O DE CIDADANIA: Retifica\u00e7\u00e3o de Registro Civil e de G\u00eanero para Travestis e Transexuais. &#8230;&#8230;.P\u00f4ster: PELOS CAMINHOS DA IMIGRA\u00c7\u00c3O: Direitos Humanos, Litig\u00e2ncia estrat\u00e9gica e Imers\u00e3o Cultural. &#8230;&#8230;.P\u00f4ster: O CASO KRENAK: Litig\u00e2ncia Estrat\u00e9gica e Busca por Repara\u00e7\u00f5es. &#8230;&#8230;.P\u00f4ster: INCUBADORA DE EMPRESA E DIREITOS HUMANOS: Parcerias em Tecnologia Social no Quadro do novo Marco de C, T &amp; I. &nbsp;<\/p>\n","protected":false},"author":1,"featured_media":0,"parent":0,"menu_order":0,"comment_status":"closed","ping_status":"closed","template":"","meta":{"footnotes":""},"class_list":["post-55","page","type-page","status-publish","hentry"],"yoast_head":"<!-- This site is optimized with the Yoast SEO plugin v25.3 - https:\/\/yoast.com\/wordpress\/plugins\/seo\/ -->\n<title>Produ\u00e7\u00f5es Acad\u00eamicas - Cl\u00ednica de Direitos Humanos da UFMG<\/title>\n<meta name=\"robots\" content=\"index, follow, max-snippet:-1, max-image-preview:large, max-video-preview:-1\" \/>\n<link rel=\"canonical\" href=\"https:\/\/clinicadh.direito.ufmg.br\/index.php\/academicas\/\" \/>\n<meta property=\"og:locale\" content=\"pt_BR\" \/>\n<meta property=\"og:type\" content=\"article\" \/>\n<meta property=\"og:title\" content=\"Produ\u00e7\u00f5es Acad\u00eamicas - Cl\u00ednica de Direitos Humanos da UFMG\" \/>\n<meta property=\"og:description\" content=\"ANAIS DO VI F\u00d3RUM NACIONAL DE CL\u00cdNICAS JUR\u00cdDICAS &#8230;&#8230;.Texto publicado: Anais do VI F\u00f3rum Nacional de Cl\u00ednicas Jur\u00eddicas CONDI\u00c7\u00d5ES PARA O EXERC\u00cdCIO DE DIREITOS SEXUAIS E REPRODUTIVOS DE MULHERES USU\u00c1RIAS DE DROGAS EM BELO HORIZONTE\/MG (2023) &#8230;&#8230;.Relat\u00f3rio de pesquisa\u00a0 &nbsp; Artigo em Revista Atua\u00e7\u00e3o estrat\u00e9gica em direitos humanos contra o afastamento arbitr\u00e1rio de beb\u00eas do conv\u00edvio familiar: reflex\u00f5es sobre a pr\u00e1tica. &#8230;&#8230;.Amanda\u00a0Naves Drummond;\u00a0Andressa Freitas Martins;\u00a0Daniela Bicalho Godoy;\u00a0Julia Dinardi Alves Pinto. UM SUJEITO PELA METADE DE DIREITOS &#8230;&#8230;.Cap\u00edtulo do livro: &#8220;ESTATUTO DA CRIAN\u00c7A E DO ADOLESCENTE: refletindo sobre sujeitos, direitos e responsabilidades&#8221; &#8230;&#8230;.Camila Silva Nic\u00e1cio e J\u00falia Silva [2016] MEDIDAS SOCIOEDUCATIVAS E ADOLESCENTES TRANS: Dos Impasses Institucionais ao Reconhecimento de Direitos &#8230;&#8230;.Artigo: INTERFACES &#8211; Revista de extens\u00e3o da UFMG &#8230;&#8230;.J\u00falia Silva Vidal e Ra\u00edssa Lott Caldeira da Cunha [2016] DA IMPRECIS\u00c3O DAS PALAVRAS AO \u00d3DIO DO DISCURSO &#8230;&#8230;.Texto publicado: JORNAL VOZ ACAD\u00caMICA &#8230;&#8230;.Andressa Martins. Jo\u00e3o Vitor Miranda. Lucas Parreira [2016] SEMANA DO CONHECIMENTO UFMG 2016 &#8211; ( P\u00d4STERES ) &#8230;&#8230;.P\u00f4ster: PROGRAMA PILOTO: Humaniza\u00e7\u00e3o e Justi\u00e7a. &#8230;&#8230;.P\u00f4ster: G\u00caNERO E ESCOLA: Interface Necess\u00e1ria. &#8230;&#8230;.P\u00f4ster: DIREITOS HUMANOS E EFETIVA\u00c7\u00c3O DE CIDADANIA: Retifica\u00e7\u00e3o de Registro Civil e de G\u00eanero para Travestis e Transexuais. &#8230;&#8230;.P\u00f4ster: PELOS CAMINHOS DA IMIGRA\u00c7\u00c3O: Direitos Humanos, Litig\u00e2ncia estrat\u00e9gica e Imers\u00e3o Cultural. &#8230;&#8230;.P\u00f4ster: O CASO KRENAK: Litig\u00e2ncia Estrat\u00e9gica e Busca por Repara\u00e7\u00f5es. &#8230;&#8230;.P\u00f4ster: INCUBADORA DE EMPRESA E DIREITOS HUMANOS: Parcerias em Tecnologia Social no Quadro do novo Marco de C, T &amp; I. &nbsp;\" \/>\n<meta property=\"og:url\" content=\"https:\/\/clinicadh.direito.ufmg.br\/index.php\/academicas\/\" \/>\n<meta property=\"og:site_name\" content=\"Cl\u00ednica de Direitos Humanos da UFMG\" \/>\n<meta property=\"article:publisher\" content=\"https:\/\/www.facebook.com\/cdhufmg\/?eid=ARBDSQLce69q0_8v--9A5W6uQzSMctjXi-aHCPLj-fZRI0TKZQaBy-H1YgM9D-FJc2tGPQyTyAg3EYce\" \/>\n<meta property=\"article:modified_time\" content=\"2023-10-20T18:17:46+00:00\" \/>\n<meta name=\"twitter:card\" content=\"summary_large_image\" \/>\n<meta name=\"twitter:label1\" content=\"Est. tempo de leitura\" \/>\n\t<meta name=\"twitter:data1\" content=\"2 minutos\" \/>\n<script type=\"application\/ld+json\" class=\"yoast-schema-graph\">{\"@context\":\"https:\/\/schema.org\",\"@graph\":[{\"@type\":\"WebPage\",\"@id\":\"https:\/\/clinicadh.direito.ufmg.br\/index.php\/academicas\/\",\"url\":\"https:\/\/clinicadh.direito.ufmg.br\/index.php\/academicas\/\",\"name\":\"Produ\u00e7\u00f5es Acad\u00eamicas - Cl\u00ednica de Direitos Humanos da UFMG\",\"isPartOf\":{\"@id\":\"https:\/\/clinicadh.direito.ufmg.br\/#website\"},\"datePublished\":\"2018-11-30T22:46:43+00:00\",\"dateModified\":\"2023-10-20T18:17:46+00:00\",\"breadcrumb\":{\"@id\":\"https:\/\/clinicadh.direito.ufmg.br\/index.php\/academicas\/#breadcrumb\"},\"inLanguage\":\"pt-BR\",\"potentialAction\":[{\"@type\":\"ReadAction\",\"target\":[\"https:\/\/clinicadh.direito.ufmg.br\/index.php\/academicas\/\"]}]},{\"@type\":\"BreadcrumbList\",\"@id\":\"https:\/\/clinicadh.direito.ufmg.br\/index.php\/academicas\/#breadcrumb\",\"itemListElement\":[{\"@type\":\"ListItem\",\"position\":1,\"name\":\"In\u00edcio\",\"item\":\"https:\/\/clinicadh.direito.ufmg.br\/\"},{\"@type\":\"ListItem\",\"position\":2,\"name\":\"Produ\u00e7\u00f5es Acad\u00eamicas\"}]},{\"@type\":\"WebSite\",\"@id\":\"https:\/\/clinicadh.direito.ufmg.br\/#website\",\"url\":\"https:\/\/clinicadh.direito.ufmg.br\/\",\"name\":\"Cl\u00ednica de Direitos Humanos da UFMG\",\"description\":\"Cl\u00ednica de Direitos Humanos da Universidade Federal de Minas Gerais\",\"publisher\":{\"@id\":\"https:\/\/clinicadh.direito.ufmg.br\/#organization\"},\"potentialAction\":[{\"@type\":\"SearchAction\",\"target\":{\"@type\":\"EntryPoint\",\"urlTemplate\":\"https:\/\/clinicadh.direito.ufmg.br\/?s={search_term_string}\"},\"query-input\":{\"@type\":\"PropertyValueSpecification\",\"valueRequired\":true,\"valueName\":\"search_term_string\"}}],\"inLanguage\":\"pt-BR\"},{\"@type\":\"Organization\",\"@id\":\"https:\/\/clinicadh.direito.ufmg.br\/#organization\",\"name\":\"Cl\u00ednica de Direitos Humanos da UFMG\",\"url\":\"https:\/\/clinicadh.direito.ufmg.br\/\",\"logo\":{\"@type\":\"ImageObject\",\"inLanguage\":\"pt-BR\",\"@id\":\"https:\/\/clinicadh.direito.ufmg.br\/#\/schema\/logo\/image\/\",\"url\":\"https:\/\/clinicadh.direito.ufmg.br\/wp-content\/uploads\/2015\/06\/c.jpg\",\"contentUrl\":\"https:\/\/clinicadh.direito.ufmg.br\/wp-content\/uploads\/2015\/06\/c.jpg\",\"width\":1200,\"height\":500,\"caption\":\"Cl\u00ednica de Direitos Humanos da UFMG\"},\"image\":{\"@id\":\"https:\/\/clinicadh.direito.ufmg.br\/#\/schema\/logo\/image\/\"},\"sameAs\":[\"https:\/\/www.facebook.com\/cdhufmg\/?eid=ARBDSQLce69q0_8v--9A5W6uQzSMctjXi-aHCPLj-fZRI0TKZQaBy-H1YgM9D-FJc2tGPQyTyAg3EYce\"]}]}<\/script>\n<!-- \/ Yoast SEO plugin. -->","yoast_head_json":{"title":"Produ\u00e7\u00f5es Acad\u00eamicas - Cl\u00ednica de Direitos Humanos da UFMG","robots":{"index":"index","follow":"follow","max-snippet":"max-snippet:-1","max-image-preview":"max-image-preview:large","max-video-preview":"max-video-preview:-1"},"canonical":"https:\/\/clinicadh.direito.ufmg.br\/index.php\/academicas\/","og_locale":"pt_BR","og_type":"article","og_title":"Produ\u00e7\u00f5es Acad\u00eamicas - Cl\u00ednica de Direitos Humanos da UFMG","og_description":"ANAIS DO VI F\u00d3RUM NACIONAL DE CL\u00cdNICAS JUR\u00cdDICAS &#8230;&#8230;.Texto publicado: Anais do VI F\u00f3rum Nacional de Cl\u00ednicas Jur\u00eddicas CONDI\u00c7\u00d5ES PARA O EXERC\u00cdCIO DE DIREITOS SEXUAIS E REPRODUTIVOS DE MULHERES USU\u00c1RIAS DE DROGAS EM BELO HORIZONTE\/MG (2023) &#8230;&#8230;.Relat\u00f3rio de pesquisa\u00a0 &nbsp; Artigo em Revista Atua\u00e7\u00e3o estrat\u00e9gica em direitos humanos contra o afastamento arbitr\u00e1rio de beb\u00eas do conv\u00edvio familiar: reflex\u00f5es sobre a pr\u00e1tica. &#8230;&#8230;.Amanda\u00a0Naves Drummond;\u00a0Andressa Freitas Martins;\u00a0Daniela Bicalho Godoy;\u00a0Julia Dinardi Alves Pinto. UM SUJEITO PELA METADE DE DIREITOS &#8230;&#8230;.Cap\u00edtulo do livro: &#8220;ESTATUTO DA CRIAN\u00c7A E DO ADOLESCENTE: refletindo sobre sujeitos, direitos e responsabilidades&#8221; &#8230;&#8230;.Camila Silva Nic\u00e1cio e J\u00falia Silva [2016] MEDIDAS SOCIOEDUCATIVAS E ADOLESCENTES TRANS: Dos Impasses Institucionais ao Reconhecimento de Direitos &#8230;&#8230;.Artigo: INTERFACES &#8211; Revista de extens\u00e3o da UFMG &#8230;&#8230;.J\u00falia Silva Vidal e Ra\u00edssa Lott Caldeira da Cunha [2016] DA IMPRECIS\u00c3O DAS PALAVRAS AO \u00d3DIO DO DISCURSO &#8230;&#8230;.Texto publicado: JORNAL VOZ ACAD\u00caMICA &#8230;&#8230;.Andressa Martins. Jo\u00e3o Vitor Miranda. Lucas Parreira [2016] SEMANA DO CONHECIMENTO UFMG 2016 &#8211; ( P\u00d4STERES ) &#8230;&#8230;.P\u00f4ster: PROGRAMA PILOTO: Humaniza\u00e7\u00e3o e Justi\u00e7a. &#8230;&#8230;.P\u00f4ster: G\u00caNERO E ESCOLA: Interface Necess\u00e1ria. &#8230;&#8230;.P\u00f4ster: DIREITOS HUMANOS E EFETIVA\u00c7\u00c3O DE CIDADANIA: Retifica\u00e7\u00e3o de Registro Civil e de G\u00eanero para Travestis e Transexuais. &#8230;&#8230;.P\u00f4ster: PELOS CAMINHOS DA IMIGRA\u00c7\u00c3O: Direitos Humanos, Litig\u00e2ncia estrat\u00e9gica e Imers\u00e3o Cultural. &#8230;&#8230;.P\u00f4ster: O CASO KRENAK: Litig\u00e2ncia Estrat\u00e9gica e Busca por Repara\u00e7\u00f5es. &#8230;&#8230;.P\u00f4ster: INCUBADORA DE EMPRESA E DIREITOS HUMANOS: Parcerias em Tecnologia Social no Quadro do novo Marco de C, T &amp; I. &nbsp;","og_url":"https:\/\/clinicadh.direito.ufmg.br\/index.php\/academicas\/","og_site_name":"Cl\u00ednica de Direitos Humanos da UFMG","article_publisher":"https:\/\/www.facebook.com\/cdhufmg\/?eid=ARBDSQLce69q0_8v--9A5W6uQzSMctjXi-aHCPLj-fZRI0TKZQaBy-H1YgM9D-FJc2tGPQyTyAg3EYce","article_modified_time":"2023-10-20T18:17:46+00:00","twitter_card":"summary_large_image","twitter_misc":{"Est. tempo de leitura":"2 minutos"},"schema":{"@context":"https:\/\/schema.org","@graph":[{"@type":"WebPage","@id":"https:\/\/clinicadh.direito.ufmg.br\/index.php\/academicas\/","url":"https:\/\/clinicadh.direito.ufmg.br\/index.php\/academicas\/","name":"Produ\u00e7\u00f5es Acad\u00eamicas - Cl\u00ednica de Direitos Humanos da UFMG","isPartOf":{"@id":"https:\/\/clinicadh.direito.ufmg.br\/#website"},"datePublished":"2018-11-30T22:46:43+00:00","dateModified":"2023-10-20T18:17:46+00:00","breadcrumb":{"@id":"https:\/\/clinicadh.direito.ufmg.br\/index.php\/academicas\/#breadcrumb"},"inLanguage":"pt-BR","potentialAction":[{"@type":"ReadAction","target":["https:\/\/clinicadh.direito.ufmg.br\/index.php\/academicas\/"]}]},{"@type":"BreadcrumbList","@id":"https:\/\/clinicadh.direito.ufmg.br\/index.php\/academicas\/#breadcrumb","itemListElement":[{"@type":"ListItem","position":1,"name":"In\u00edcio","item":"https:\/\/clinicadh.direito.ufmg.br\/"},{"@type":"ListItem","position":2,"name":"Produ\u00e7\u00f5es Acad\u00eamicas"}]},{"@type":"WebSite","@id":"https:\/\/clinicadh.direito.ufmg.br\/#website","url":"https:\/\/clinicadh.direito.ufmg.br\/","name":"Cl\u00ednica de Direitos Humanos da UFMG","description":"Cl\u00ednica de Direitos Humanos da Universidade Federal de Minas Gerais","publisher":{"@id":"https:\/\/clinicadh.direito.ufmg.br\/#organization"},"potentialAction":[{"@type":"SearchAction","target":{"@type":"EntryPoint","urlTemplate":"https:\/\/clinicadh.direito.ufmg.br\/?s={search_term_string}"},"query-input":{"@type":"PropertyValueSpecification","valueRequired":true,"valueName":"search_term_string"}}],"inLanguage":"pt-BR"},{"@type":"Organization","@id":"https:\/\/clinicadh.direito.ufmg.br\/#organization","name":"Cl\u00ednica de Direitos Humanos da UFMG","url":"https:\/\/clinicadh.direito.ufmg.br\/","logo":{"@type":"ImageObject","inLanguage":"pt-BR","@id":"https:\/\/clinicadh.direito.ufmg.br\/#\/schema\/logo\/image\/","url":"https:\/\/clinicadh.direito.ufmg.br\/wp-content\/uploads\/2015\/06\/c.jpg","contentUrl":"https:\/\/clinicadh.direito.ufmg.br\/wp-content\/uploads\/2015\/06\/c.jpg","width":1200,"height":500,"caption":"Cl\u00ednica de Direitos Humanos da UFMG"},"image":{"@id":"https:\/\/clinicadh.direito.ufmg.br\/#\/schema\/logo\/image\/"},"sameAs":["https:\/\/www.facebook.com\/cdhufmg\/?eid=ARBDSQLce69q0_8v--9A5W6uQzSMctjXi-aHCPLj-fZRI0TKZQaBy-H1YgM9D-FJc2tGPQyTyAg3EYce"]}]}},"_links":{"self":[{"href":"https:\/\/clinicadh.direito.ufmg.br\/index.php\/wp-json\/wp\/v2\/pages\/55","targetHints":{"allow":["GET"]}}],"collection":[{"href":"https:\/\/clinicadh.direito.ufmg.br\/index.php\/wp-json\/wp\/v2\/pages"}],"about":[{"href":"https:\/\/clinicadh.direito.ufmg.br\/index.php\/wp-json\/wp\/v2\/types\/page"}],"author":[{"embeddable":true,"href":"https:\/\/clinicadh.direito.ufmg.br\/index.php\/wp-json\/wp\/v2\/users\/1"}],"replies":[{"embeddable":true,"href":"https:\/\/clinicadh.direito.ufmg.br\/index.php\/wp-json\/wp\/v2\/comments?post=55"}],"version-history":[{"count":2,"href":"https:\/\/clinicadh.direito.ufmg.br\/index.php\/wp-json\/wp\/v2\/pages\/55\/revisions"}],"predecessor-version":[{"id":1828,"href":"https:\/\/clinicadh.direito.ufmg.br\/index.php\/wp-json\/wp\/v2\/pages\/55\/revisions\/1828"}],"wp:attachment":[{"href":"https:\/\/clinicadh.direito.ufmg.br\/index.php\/wp-json\/wp\/v2\/media?parent=55"}],"curies":[{"name":"wp","href":"https:\/\/api.w.org\/{rel}","templated":true}]}}