{"id":54,"date":"2018-11-30T20:46:43","date_gmt":"2018-11-30T22:46:43","guid":{"rendered":"http:\/\/localhost\/cdh\/?page_id=54"},"modified":"2020-11-11T17:57:27","modified_gmt":"2020-11-11T20:57:27","slug":"livro","status":"publish","type":"page","link":"https:\/\/clinicadh.direito.ufmg.br\/index.php\/livro\/","title":{"rendered":"Cl\u00ednica de Direitos Humanos e o Ensino Jur\u00eddico no Brasil"},"content":{"rendered":"<table style=\"width: 100%;\">\n<tbody>\n<tr>\n<td>\n<h1 class=\"font_8\" style=\"text-align: right;\"><a href=\"https:\/\/issuu.com\/clinicadedireitoshumanosdaufmg\/docs\/merged\" target=\"_blank\" rel=\"noopener noreferrer\"><img loading=\"lazy\" decoding=\"async\" class=\"alignleft wp-image-413 size-full\" src=\"http:\/\/localhost\/cdh\/wp-content\/uploads\/2019\/01\/livro-cdh-capa-livro-01.png\" alt=\"\" width=\"432\" height=\"600\" srcset=\"https:\/\/clinicadh.direito.ufmg.br\/wp-content\/uploads\/2019\/01\/livro-cdh-capa-livro-01.png 432w, https:\/\/clinicadh.direito.ufmg.br\/wp-content\/uploads\/2019\/01\/livro-cdh-capa-livro-01-216x300.png 216w\" sizes=\"auto, (max-width: 432px) 100vw, 432px\" \/><\/a><\/h1>\n<div id=\"comp-j17z2t9m\" class=\"txtNew\" data-packed=\"false\" data-min-height=\"584\">\n<p class=\"font_8\" style=\"text-align: justify;\">A presente colet\u00e2nea de artigos \u00e9 fruto da iniciativa da Cl\u00ednica de Direitos Humanos da UFMG\u00a0em prol da difus\u00e3o das experi\u00eancias de ensino e atua\u00e7\u00e3o de cl\u00ednicas jur\u00eddicas\u00a0no Brasil.<\/p>\n<p class=\"font_8\" style=\"text-align: justify;\">Afinal, por que o ensino jur\u00eddico praticado nas Cl\u00ednicas de Direitos Humanos pode qualificar os cursos de Direito no Brasil?<\/p>\n<p class=\"font_7\" style=\"text-align: justify;\">A resposta reside tanto na especificidade em torno do Direito como ci\u00eancia Social Aplicada, na circula\u00e7\u00e3o de modelos de viv\u00eancias do direito, seja em sistemas de\u00a0common law,\u00a0quanto de\u00a0civil law\u00a0(Human Right Clinics of Law), ou mesmo no espa\u00e7o privilegiado das Cl\u00ednicas no contexto da voca\u00e7\u00e3o do nosso tempo. Apresentar as Cl\u00ednicas de Direitos Humanos nessa nova perspectiva do agir &#8220;no&#8221;, &#8220;do&#8221; e &#8220;pelo&#8221; Direito enquanto inst\u00e2ncia transformadora traz consigo os desafios de incluir, colocar em pauta temas considerados inconvenientes, destacar jurisprud\u00eancias minorit\u00e1rias e, sobretudo, expandir direitos fundamentais. Na intersec\u00e7\u00e3o entre pesquisa de base, reconhecida, e o longo caminho das aplica\u00e7\u00f5es da pesquisa em ci\u00eancias sociais, conceitos como &#8220;tecnologia social&#8221; ganham novas cores face \u00e0 experi\u00eancia vivificada do &#8220;conflito humano&#8221;.<\/p>\n<p class=\"font_7\" style=\"text-align: justify;\">Ainda, em tempos tecnol\u00f3gicos que ainda n\u00e3o conseguiram subverter a ordem das diversas formas de opress\u00e3o, viol\u00eancia, silenciamento, invisibiliza\u00e7\u00e3o e desumaniza\u00e7\u00e3o, que comp\u00f5em o mosaico da administra\u00e7\u00e3o da justi\u00e7a em sociedades complexas, essas tens\u00f5es ultrapassam fronteiras e diluem categorias como cidadania, positividade, soberania e clamam por novos e necess\u00e1rios contornos \u00e0 dignidade da pessoa humana. Nessa constela\u00e7\u00e3o, a experi\u00eancia das Cl\u00ednicas de Direitos Humanos, forjada sob o influxo do &#8220;fazer&#8221; iluminado pela pesquisa, provocado pelas experi\u00eancias, dentro e fora do cl\u00e1ssico desenho institucional da assist\u00eancia judici\u00e1ria, culmina por ofertar uma singular oportunidade ao desenvolvimento de um Direito sintonizado com as demandas do nosso tempo.<\/p>\n<p style=\"text-align: center;\"><a href=\"https:\/\/issuu.com\/clinicadedireitoshumanosdaufmg\/docs\/merged\" target=\"_blank\" rel=\"noopener noreferrer\">..:: E-book completo pode ser lido clicando aqui ::..<\/a><\/p>\n<\/div>\n<\/td>\n<\/tr>\n<\/tbody>\n<\/table>\n<p style=\"text-align: justify;\">\n","protected":false},"excerpt":{"rendered":"<p>A presente colet\u00e2nea de artigos \u00e9 fruto da iniciativa da Cl\u00ednica de Direitos Humanos da UFMG\u00a0em prol da difus\u00e3o das experi\u00eancias de ensino e atua\u00e7\u00e3o de cl\u00ednicas jur\u00eddicas\u00a0no Brasil. Afinal, por que o ensino jur\u00eddico praticado nas Cl\u00ednicas de Direitos Humanos pode qualificar os cursos de Direito no Brasil? A resposta reside tanto na especificidade em torno do Direito como ci\u00eancia Social Aplicada, na circula\u00e7\u00e3o de modelos de viv\u00eancias do direito, seja em sistemas de\u00a0common law,\u00a0quanto de\u00a0civil law\u00a0(Human Right Clinics of Law), ou mesmo no espa\u00e7o privilegiado das Cl\u00ednicas no contexto da voca\u00e7\u00e3o do nosso tempo. Apresentar as Cl\u00ednicas de Direitos Humanos nessa nova perspectiva do agir &#8220;no&#8221;, &#8220;do&#8221; e &#8220;pelo&#8221; Direito enquanto inst\u00e2ncia transformadora traz consigo os desafios de incluir, colocar em pauta temas considerados inconvenientes, destacar jurisprud\u00eancias minorit\u00e1rias e, sobretudo, expandir direitos fundamentais. Na intersec\u00e7\u00e3o entre pesquisa de base, reconhecida, e o longo caminho das aplica\u00e7\u00f5es da pesquisa em ci\u00eancias sociais, conceitos como &#8220;tecnologia social&#8221; ganham novas cores face \u00e0 experi\u00eancia vivificada do &#8220;conflito humano&#8221;. Ainda, em tempos tecnol\u00f3gicos que ainda n\u00e3o conseguiram subverter a ordem das diversas formas de opress\u00e3o, viol\u00eancia, silenciamento, invisibiliza\u00e7\u00e3o e desumaniza\u00e7\u00e3o, que comp\u00f5em o mosaico da administra\u00e7\u00e3o da justi\u00e7a em sociedades complexas, essas tens\u00f5es ultrapassam fronteiras e diluem categorias como cidadania, positividade, soberania e clamam por novos e necess\u00e1rios contornos \u00e0 dignidade da pessoa humana. Nessa constela\u00e7\u00e3o, a experi\u00eancia das Cl\u00ednicas de Direitos Humanos, forjada sob o influxo do &#8220;fazer&#8221; iluminado pela pesquisa, provocado pelas experi\u00eancias, dentro e fora do cl\u00e1ssico desenho institucional da assist\u00eancia judici\u00e1ria, culmina por ofertar uma singular oportunidade ao desenvolvimento de um Direito sintonizado com as demandas do nosso tempo. ..:: E-book completo pode ser lido clicando aqui ::..<\/p>\n","protected":false},"author":1,"featured_media":0,"parent":0,"menu_order":0,"comment_status":"closed","ping_status":"closed","template":"","meta":{"footnotes":""},"class_list":["post-54","page","type-page","status-publish","hentry"],"yoast_head":"<!-- This site is optimized with the Yoast SEO plugin v25.3 - https:\/\/yoast.com\/wordpress\/plugins\/seo\/ -->\n<title>Cl\u00ednica de Direitos Humanos e o Ensino Jur\u00eddico no Brasil - Cl\u00ednica de Direitos Humanos da UFMG<\/title>\n<meta name=\"robots\" content=\"index, follow, max-snippet:-1, max-image-preview:large, max-video-preview:-1\" \/>\n<link rel=\"canonical\" href=\"https:\/\/clinicadh.direito.ufmg.br\/index.php\/livro\/\" \/>\n<meta property=\"og:locale\" content=\"pt_BR\" \/>\n<meta property=\"og:type\" content=\"article\" \/>\n<meta property=\"og:title\" content=\"Cl\u00ednica de Direitos Humanos e o Ensino Jur\u00eddico no Brasil - Cl\u00ednica de Direitos Humanos da UFMG\" \/>\n<meta property=\"og:description\" content=\"A presente colet\u00e2nea de artigos \u00e9 fruto da iniciativa da Cl\u00ednica de Direitos Humanos da UFMG\u00a0em prol da difus\u00e3o das experi\u00eancias de ensino e atua\u00e7\u00e3o de cl\u00ednicas jur\u00eddicas\u00a0no Brasil. Afinal, por que o ensino jur\u00eddico praticado nas Cl\u00ednicas de Direitos Humanos pode qualificar os cursos de Direito no Brasil? A resposta reside tanto na especificidade em torno do Direito como ci\u00eancia Social Aplicada, na circula\u00e7\u00e3o de modelos de viv\u00eancias do direito, seja em sistemas de\u00a0common law,\u00a0quanto de\u00a0civil law\u00a0(Human Right Clinics of Law), ou mesmo no espa\u00e7o privilegiado das Cl\u00ednicas no contexto da voca\u00e7\u00e3o do nosso tempo. Apresentar as Cl\u00ednicas de Direitos Humanos nessa nova perspectiva do agir &#8220;no&#8221;, &#8220;do&#8221; e &#8220;pelo&#8221; Direito enquanto inst\u00e2ncia transformadora traz consigo os desafios de incluir, colocar em pauta temas considerados inconvenientes, destacar jurisprud\u00eancias minorit\u00e1rias e, sobretudo, expandir direitos fundamentais. Na intersec\u00e7\u00e3o entre pesquisa de base, reconhecida, e o longo caminho das aplica\u00e7\u00f5es da pesquisa em ci\u00eancias sociais, conceitos como &#8220;tecnologia social&#8221; ganham novas cores face \u00e0 experi\u00eancia vivificada do &#8220;conflito humano&#8221;. Ainda, em tempos tecnol\u00f3gicos que ainda n\u00e3o conseguiram subverter a ordem das diversas formas de opress\u00e3o, viol\u00eancia, silenciamento, invisibiliza\u00e7\u00e3o e desumaniza\u00e7\u00e3o, que comp\u00f5em o mosaico da administra\u00e7\u00e3o da justi\u00e7a em sociedades complexas, essas tens\u00f5es ultrapassam fronteiras e diluem categorias como cidadania, positividade, soberania e clamam por novos e necess\u00e1rios contornos \u00e0 dignidade da pessoa humana. Nessa constela\u00e7\u00e3o, a experi\u00eancia das Cl\u00ednicas de Direitos Humanos, forjada sob o influxo do &#8220;fazer&#8221; iluminado pela pesquisa, provocado pelas experi\u00eancias, dentro e fora do cl\u00e1ssico desenho institucional da assist\u00eancia judici\u00e1ria, culmina por ofertar uma singular oportunidade ao desenvolvimento de um Direito sintonizado com as demandas do nosso tempo. ..:: E-book completo pode ser lido clicando aqui ::..\" \/>\n<meta property=\"og:url\" content=\"https:\/\/clinicadh.direito.ufmg.br\/index.php\/livro\/\" \/>\n<meta property=\"og:site_name\" content=\"Cl\u00ednica de Direitos Humanos da UFMG\" \/>\n<meta property=\"article:publisher\" content=\"https:\/\/www.facebook.com\/cdhufmg\/?eid=ARBDSQLce69q0_8v--9A5W6uQzSMctjXi-aHCPLj-fZRI0TKZQaBy-H1YgM9D-FJc2tGPQyTyAg3EYce\" \/>\n<meta property=\"article:modified_time\" content=\"2020-11-11T20:57:27+00:00\" \/>\n<meta property=\"og:image\" content=\"http:\/\/localhost\/cdh\/wp-content\/uploads\/2019\/01\/livro-cdh-capa-livro-01.png\" \/>\n<meta name=\"twitter:card\" content=\"summary_large_image\" \/>\n<meta name=\"twitter:label1\" content=\"Est. tempo de leitura\" \/>\n\t<meta name=\"twitter:data1\" content=\"2 minutos\" \/>\n<script type=\"application\/ld+json\" class=\"yoast-schema-graph\">{\"@context\":\"https:\/\/schema.org\",\"@graph\":[{\"@type\":\"WebPage\",\"@id\":\"https:\/\/clinicadh.direito.ufmg.br\/index.php\/livro\/\",\"url\":\"https:\/\/clinicadh.direito.ufmg.br\/index.php\/livro\/\",\"name\":\"Cl\u00ednica de Direitos Humanos e o Ensino Jur\u00eddico no Brasil - Cl\u00ednica de Direitos Humanos da UFMG\",\"isPartOf\":{\"@id\":\"https:\/\/clinicadh.direito.ufmg.br\/#website\"},\"primaryImageOfPage\":{\"@id\":\"https:\/\/clinicadh.direito.ufmg.br\/index.php\/livro\/#primaryimage\"},\"image\":{\"@id\":\"https:\/\/clinicadh.direito.ufmg.br\/index.php\/livro\/#primaryimage\"},\"thumbnailUrl\":\"http:\/\/localhost\/cdh\/wp-content\/uploads\/2019\/01\/livro-cdh-capa-livro-01.png\",\"datePublished\":\"2018-11-30T22:46:43+00:00\",\"dateModified\":\"2020-11-11T20:57:27+00:00\",\"breadcrumb\":{\"@id\":\"https:\/\/clinicadh.direito.ufmg.br\/index.php\/livro\/#breadcrumb\"},\"inLanguage\":\"pt-BR\",\"potentialAction\":[{\"@type\":\"ReadAction\",\"target\":[\"https:\/\/clinicadh.direito.ufmg.br\/index.php\/livro\/\"]}]},{\"@type\":\"ImageObject\",\"inLanguage\":\"pt-BR\",\"@id\":\"https:\/\/clinicadh.direito.ufmg.br\/index.php\/livro\/#primaryimage\",\"url\":\"http:\/\/localhost\/cdh\/wp-content\/uploads\/2019\/01\/livro-cdh-capa-livro-01.png\",\"contentUrl\":\"http:\/\/localhost\/cdh\/wp-content\/uploads\/2019\/01\/livro-cdh-capa-livro-01.png\"},{\"@type\":\"BreadcrumbList\",\"@id\":\"https:\/\/clinicadh.direito.ufmg.br\/index.php\/livro\/#breadcrumb\",\"itemListElement\":[{\"@type\":\"ListItem\",\"position\":1,\"name\":\"In\u00edcio\",\"item\":\"https:\/\/clinicadh.direito.ufmg.br\/\"},{\"@type\":\"ListItem\",\"position\":2,\"name\":\"Cl\u00ednica de Direitos Humanos e o Ensino Jur\u00eddico no Brasil\"}]},{\"@type\":\"WebSite\",\"@id\":\"https:\/\/clinicadh.direito.ufmg.br\/#website\",\"url\":\"https:\/\/clinicadh.direito.ufmg.br\/\",\"name\":\"Cl\u00ednica de Direitos Humanos da UFMG\",\"description\":\"Cl\u00ednica de Direitos Humanos da Universidade Federal de Minas Gerais\",\"publisher\":{\"@id\":\"https:\/\/clinicadh.direito.ufmg.br\/#organization\"},\"potentialAction\":[{\"@type\":\"SearchAction\",\"target\":{\"@type\":\"EntryPoint\",\"urlTemplate\":\"https:\/\/clinicadh.direito.ufmg.br\/?s={search_term_string}\"},\"query-input\":{\"@type\":\"PropertyValueSpecification\",\"valueRequired\":true,\"valueName\":\"search_term_string\"}}],\"inLanguage\":\"pt-BR\"},{\"@type\":\"Organization\",\"@id\":\"https:\/\/clinicadh.direito.ufmg.br\/#organization\",\"name\":\"Cl\u00ednica de Direitos Humanos da UFMG\",\"url\":\"https:\/\/clinicadh.direito.ufmg.br\/\",\"logo\":{\"@type\":\"ImageObject\",\"inLanguage\":\"pt-BR\",\"@id\":\"https:\/\/clinicadh.direito.ufmg.br\/#\/schema\/logo\/image\/\",\"url\":\"https:\/\/clinicadh.direito.ufmg.br\/wp-content\/uploads\/2015\/06\/c.jpg\",\"contentUrl\":\"https:\/\/clinicadh.direito.ufmg.br\/wp-content\/uploads\/2015\/06\/c.jpg\",\"width\":1200,\"height\":500,\"caption\":\"Cl\u00ednica de Direitos Humanos da UFMG\"},\"image\":{\"@id\":\"https:\/\/clinicadh.direito.ufmg.br\/#\/schema\/logo\/image\/\"},\"sameAs\":[\"https:\/\/www.facebook.com\/cdhufmg\/?eid=ARBDSQLce69q0_8v--9A5W6uQzSMctjXi-aHCPLj-fZRI0TKZQaBy-H1YgM9D-FJc2tGPQyTyAg3EYce\"]}]}<\/script>\n<!-- \/ Yoast SEO plugin. -->","yoast_head_json":{"title":"Cl\u00ednica de Direitos Humanos e o Ensino Jur\u00eddico no Brasil - Cl\u00ednica de Direitos Humanos da UFMG","robots":{"index":"index","follow":"follow","max-snippet":"max-snippet:-1","max-image-preview":"max-image-preview:large","max-video-preview":"max-video-preview:-1"},"canonical":"https:\/\/clinicadh.direito.ufmg.br\/index.php\/livro\/","og_locale":"pt_BR","og_type":"article","og_title":"Cl\u00ednica de Direitos Humanos e o Ensino Jur\u00eddico no Brasil - Cl\u00ednica de Direitos Humanos da UFMG","og_description":"A presente colet\u00e2nea de artigos \u00e9 fruto da iniciativa da Cl\u00ednica de Direitos Humanos da UFMG\u00a0em prol da difus\u00e3o das experi\u00eancias de ensino e atua\u00e7\u00e3o de cl\u00ednicas jur\u00eddicas\u00a0no Brasil. Afinal, por que o ensino jur\u00eddico praticado nas Cl\u00ednicas de Direitos Humanos pode qualificar os cursos de Direito no Brasil? A resposta reside tanto na especificidade em torno do Direito como ci\u00eancia Social Aplicada, na circula\u00e7\u00e3o de modelos de viv\u00eancias do direito, seja em sistemas de\u00a0common law,\u00a0quanto de\u00a0civil law\u00a0(Human Right Clinics of Law), ou mesmo no espa\u00e7o privilegiado das Cl\u00ednicas no contexto da voca\u00e7\u00e3o do nosso tempo. Apresentar as Cl\u00ednicas de Direitos Humanos nessa nova perspectiva do agir &#8220;no&#8221;, &#8220;do&#8221; e &#8220;pelo&#8221; Direito enquanto inst\u00e2ncia transformadora traz consigo os desafios de incluir, colocar em pauta temas considerados inconvenientes, destacar jurisprud\u00eancias minorit\u00e1rias e, sobretudo, expandir direitos fundamentais. Na intersec\u00e7\u00e3o entre pesquisa de base, reconhecida, e o longo caminho das aplica\u00e7\u00f5es da pesquisa em ci\u00eancias sociais, conceitos como &#8220;tecnologia social&#8221; ganham novas cores face \u00e0 experi\u00eancia vivificada do &#8220;conflito humano&#8221;. Ainda, em tempos tecnol\u00f3gicos que ainda n\u00e3o conseguiram subverter a ordem das diversas formas de opress\u00e3o, viol\u00eancia, silenciamento, invisibiliza\u00e7\u00e3o e desumaniza\u00e7\u00e3o, que comp\u00f5em o mosaico da administra\u00e7\u00e3o da justi\u00e7a em sociedades complexas, essas tens\u00f5es ultrapassam fronteiras e diluem categorias como cidadania, positividade, soberania e clamam por novos e necess\u00e1rios contornos \u00e0 dignidade da pessoa humana. Nessa constela\u00e7\u00e3o, a experi\u00eancia das Cl\u00ednicas de Direitos Humanos, forjada sob o influxo do &#8220;fazer&#8221; iluminado pela pesquisa, provocado pelas experi\u00eancias, dentro e fora do cl\u00e1ssico desenho institucional da assist\u00eancia judici\u00e1ria, culmina por ofertar uma singular oportunidade ao desenvolvimento de um Direito sintonizado com as demandas do nosso tempo. ..:: E-book completo pode ser lido clicando aqui ::..","og_url":"https:\/\/clinicadh.direito.ufmg.br\/index.php\/livro\/","og_site_name":"Cl\u00ednica de Direitos Humanos da UFMG","article_publisher":"https:\/\/www.facebook.com\/cdhufmg\/?eid=ARBDSQLce69q0_8v--9A5W6uQzSMctjXi-aHCPLj-fZRI0TKZQaBy-H1YgM9D-FJc2tGPQyTyAg3EYce","article_modified_time":"2020-11-11T20:57:27+00:00","og_image":[{"url":"http:\/\/localhost\/cdh\/wp-content\/uploads\/2019\/01\/livro-cdh-capa-livro-01.png","type":"","width":"","height":""}],"twitter_card":"summary_large_image","twitter_misc":{"Est. tempo de leitura":"2 minutos"},"schema":{"@context":"https:\/\/schema.org","@graph":[{"@type":"WebPage","@id":"https:\/\/clinicadh.direito.ufmg.br\/index.php\/livro\/","url":"https:\/\/clinicadh.direito.ufmg.br\/index.php\/livro\/","name":"Cl\u00ednica de Direitos Humanos e o Ensino Jur\u00eddico no Brasil - Cl\u00ednica de Direitos Humanos da UFMG","isPartOf":{"@id":"https:\/\/clinicadh.direito.ufmg.br\/#website"},"primaryImageOfPage":{"@id":"https:\/\/clinicadh.direito.ufmg.br\/index.php\/livro\/#primaryimage"},"image":{"@id":"https:\/\/clinicadh.direito.ufmg.br\/index.php\/livro\/#primaryimage"},"thumbnailUrl":"http:\/\/localhost\/cdh\/wp-content\/uploads\/2019\/01\/livro-cdh-capa-livro-01.png","datePublished":"2018-11-30T22:46:43+00:00","dateModified":"2020-11-11T20:57:27+00:00","breadcrumb":{"@id":"https:\/\/clinicadh.direito.ufmg.br\/index.php\/livro\/#breadcrumb"},"inLanguage":"pt-BR","potentialAction":[{"@type":"ReadAction","target":["https:\/\/clinicadh.direito.ufmg.br\/index.php\/livro\/"]}]},{"@type":"ImageObject","inLanguage":"pt-BR","@id":"https:\/\/clinicadh.direito.ufmg.br\/index.php\/livro\/#primaryimage","url":"http:\/\/localhost\/cdh\/wp-content\/uploads\/2019\/01\/livro-cdh-capa-livro-01.png","contentUrl":"http:\/\/localhost\/cdh\/wp-content\/uploads\/2019\/01\/livro-cdh-capa-livro-01.png"},{"@type":"BreadcrumbList","@id":"https:\/\/clinicadh.direito.ufmg.br\/index.php\/livro\/#breadcrumb","itemListElement":[{"@type":"ListItem","position":1,"name":"In\u00edcio","item":"https:\/\/clinicadh.direito.ufmg.br\/"},{"@type":"ListItem","position":2,"name":"Cl\u00ednica de Direitos Humanos e o Ensino Jur\u00eddico no Brasil"}]},{"@type":"WebSite","@id":"https:\/\/clinicadh.direito.ufmg.br\/#website","url":"https:\/\/clinicadh.direito.ufmg.br\/","name":"Cl\u00ednica de Direitos Humanos da UFMG","description":"Cl\u00ednica de Direitos Humanos da Universidade Federal de Minas Gerais","publisher":{"@id":"https:\/\/clinicadh.direito.ufmg.br\/#organization"},"potentialAction":[{"@type":"SearchAction","target":{"@type":"EntryPoint","urlTemplate":"https:\/\/clinicadh.direito.ufmg.br\/?s={search_term_string}"},"query-input":{"@type":"PropertyValueSpecification","valueRequired":true,"valueName":"search_term_string"}}],"inLanguage":"pt-BR"},{"@type":"Organization","@id":"https:\/\/clinicadh.direito.ufmg.br\/#organization","name":"Cl\u00ednica de Direitos Humanos da UFMG","url":"https:\/\/clinicadh.direito.ufmg.br\/","logo":{"@type":"ImageObject","inLanguage":"pt-BR","@id":"https:\/\/clinicadh.direito.ufmg.br\/#\/schema\/logo\/image\/","url":"https:\/\/clinicadh.direito.ufmg.br\/wp-content\/uploads\/2015\/06\/c.jpg","contentUrl":"https:\/\/clinicadh.direito.ufmg.br\/wp-content\/uploads\/2015\/06\/c.jpg","width":1200,"height":500,"caption":"Cl\u00ednica de Direitos Humanos da UFMG"},"image":{"@id":"https:\/\/clinicadh.direito.ufmg.br\/#\/schema\/logo\/image\/"},"sameAs":["https:\/\/www.facebook.com\/cdhufmg\/?eid=ARBDSQLce69q0_8v--9A5W6uQzSMctjXi-aHCPLj-fZRI0TKZQaBy-H1YgM9D-FJc2tGPQyTyAg3EYce"]}]}},"_links":{"self":[{"href":"https:\/\/clinicadh.direito.ufmg.br\/index.php\/wp-json\/wp\/v2\/pages\/54","targetHints":{"allow":["GET"]}}],"collection":[{"href":"https:\/\/clinicadh.direito.ufmg.br\/index.php\/wp-json\/wp\/v2\/pages"}],"about":[{"href":"https:\/\/clinicadh.direito.ufmg.br\/index.php\/wp-json\/wp\/v2\/types\/page"}],"author":[{"embeddable":true,"href":"https:\/\/clinicadh.direito.ufmg.br\/index.php\/wp-json\/wp\/v2\/users\/1"}],"replies":[{"embeddable":true,"href":"https:\/\/clinicadh.direito.ufmg.br\/index.php\/wp-json\/wp\/v2\/comments?post=54"}],"version-history":[{"count":0,"href":"https:\/\/clinicadh.direito.ufmg.br\/index.php\/wp-json\/wp\/v2\/pages\/54\/revisions"}],"wp:attachment":[{"href":"https:\/\/clinicadh.direito.ufmg.br\/index.php\/wp-json\/wp\/v2\/media?parent=54"}],"curies":[{"name":"wp","href":"https:\/\/api.w.org\/{rel}","templated":true}]}}