{"id":23,"date":"2018-11-30T20:23:52","date_gmt":"2018-11-30T22:23:52","guid":{"rendered":"http:\/\/localhost\/cdh\/?page_id=23"},"modified":"2020-11-16T11:37:04","modified_gmt":"2020-11-16T14:37:04","slug":"publicacoes","status":"publish","type":"page","link":"https:\/\/clinicadh.direito.ufmg.br\/index.php\/publicacoes\/","title":{"rendered":"Publica\u00e7\u00f5es"},"content":{"rendered":"<table style=\"width: 100%; background: #FFFFFF; margin: 0; padding: 0px; border-color: white;\">\n<tbody>\n<tr>\n<td style=\"margin: 0; vertical-align: center; padding: 20px; width: 25%; background: #FFA64D;\">\n<h4 class=\"font_8\" style=\"text-align: center; color: #ffffff;\">Nosso Livro<\/h4>\n<\/td>\n<td style=\"margin: 0; vertical-align: center; padding: 20px; width: 25%; background: #BA2A2A;\">\n<h4 class=\"font_8\" style=\"text-align: center; color: #ffffff;\">Produ\u00e7\u00e3o Acad\u00eamica<\/h4>\n<\/td>\n<td style=\"margin: 0; vertical-align: center; padding: 20px; width: 25%; background: #0092BD;\">\n<h4 class=\"font_8\" style=\"text-align: center; color: #ffffff;\">Produ\u00e7\u00e3o T\u00e9cnica<\/h4>\n<\/td>\n<td style=\"margin: 0; vertical-align: center; padding: 20px; width: 25%; background: #0DA71E;\">\n<h4 class=\"font_8\" style=\"text-align: center; color: #ffffff;\">Outras Produ\u00e7\u00f5es<\/h4>\n<\/td>\n<\/tr>\n<tr>\n<td style=\"margin: 0; vertical-align: baseline; padding: 20px; width: 25%; background: #FFA64D;\">\n<p class=\"font_8\" style=\"text-align: justify; color: #ffffff;\">Conhe\u00e7a a colet\u00e2nea de artigos publicada pela Cl\u00ednica de Direitos Humanos da UFMG, em 2017, que re\u00fane relatos de experi\u00eancias de cl\u00ednicas jur\u00eddicas no Brasil<\/p>\n<\/td>\n<td style=\"margin: 0; vertical-align: baseline; padding: 20px; width: 25%; background: #BA2A2A;\">\n<p class=\"font_8\" style=\"text-align: justify; color: #ffffff;\">Confira artigos cient\u00edficos e cap\u00edtulos de livros publicados em raz\u00e3o de pesquisas e trabalhos desenvolvidos pela equipe da CdH\/UFMG<\/p>\n<\/td>\n<td style=\"margin: 0; vertical-align: baseline; padding: 20px; width: 25%; background: #0092BD;\">\n<p class=\"font_8\" style=\"text-align: justify; color: #ffffff;\">Veja as mais diversas produ\u00e7\u00f5es t\u00e9cnicas da Cl\u00ednica de Direitos Humanos da UFMG, vinculadas aos nossos projetos ativos e \u00e0queles j\u00e1 arquivados<\/p>\n<\/td>\n<td style=\"margin: 0; vertical-align: baseline; padding: 20px; width: 25%; background: #0DA71E;\">\n<p class=\"font_8\" style=\"text-align: justify; color: #ffffff;\">Aqui voc\u00ea confere algumas de nossas outras produ\u00e7\u00f5es como cartilhas educativas tem\u00e1ticas, p\u00edlulas de r\u00e1dio sobre direitos humanos, manifesta\u00e7\u00f5es diversas, etc.<\/p>\n<\/td>\n<\/tr>\n<tr class=\"lk-cdh\">\n<td style=\"margin: 0px; vertical-align: baseline; padding: 20px; width: 25%; background: #DDDDDD none repeat scroll 0% 0%; text-align: center;\"><a href=\"https:\/\/clinicadh.direito.ufmg.br\/index.php\/livro\/\">Confira aqui<\/a><\/td>\n<td style=\"margin: 0px; vertical-align: baseline; padding: 20px; width: 25%; background: #DDDDDD none repeat scroll 0% 0%; text-align: center;\"><a href=\"https:\/\/clinicadh.direito.ufmg.br\/index.php\/academicas\/\">Confira aqui<\/a><\/td>\n<td style=\"margin: 0px; vertical-align: baseline; padding: 20px; width: 25%; background: #DDDDDD none repeat scroll 0% 0%; text-align: center;\"><a href=\"https:\/\/clinicadh.direito.ufmg.br\/index.php\/tecnicas\/\">Confira aqui<\/a><\/td>\n<td style=\"margin: 0px; vertical-align: baseline; padding: 20px; width: 25%; background: #DDDDDD none repeat scroll 0% 0%; text-align: center;\"><a href=\"https:\/\/clinicadh.direito.ufmg.br\/index.php\/outras-producoes\/\">confira aqui<\/a><\/td>\n<\/tr>\n<\/tbody>\n<\/table>\n<p><!--more--><\/p>\n","protected":false},"excerpt":{"rendered":"<p>Nosso Livro Produ\u00e7\u00e3o Acad\u00eamica Produ\u00e7\u00e3o T\u00e9cnica Outras Produ\u00e7\u00f5es Conhe\u00e7a a colet\u00e2nea de artigos publicada pela Cl\u00ednica de Direitos Humanos da UFMG, em 2017, que re\u00fane relatos de experi\u00eancias de cl\u00ednicas jur\u00eddicas no Brasil Confira artigos cient\u00edficos e cap\u00edtulos de livros publicados em raz\u00e3o de pesquisas e trabalhos desenvolvidos pela equipe da CdH\/UFMG Veja as mais diversas produ\u00e7\u00f5es t\u00e9cnicas da Cl\u00ednica de Direitos Humanos da UFMG, vinculadas aos nossos projetos ativos e \u00e0queles j\u00e1 arquivados Aqui voc\u00ea confere algumas de nossas outras produ\u00e7\u00f5es como cartilhas educativas tem\u00e1ticas, p\u00edlulas de r\u00e1dio sobre direitos humanos, manifesta\u00e7\u00f5es diversas, etc. Confira aqui Confira aqui Confira aqui confira aqui<\/p>\n","protected":false},"author":1,"featured_media":0,"parent":0,"menu_order":0,"comment_status":"closed","ping_status":"closed","template":"","meta":{"footnotes":""},"class_list":["post-23","page","type-page","status-publish","hentry"],"yoast_head":"<!-- This site is optimized with the Yoast SEO plugin v25.3 - https:\/\/yoast.com\/wordpress\/plugins\/seo\/ -->\n<title>Publica\u00e7\u00f5es - Cl\u00ednica de Direitos Humanos da UFMG<\/title>\n<meta name=\"robots\" content=\"index, follow, max-snippet:-1, max-image-preview:large, max-video-preview:-1\" \/>\n<link rel=\"canonical\" href=\"https:\/\/clinicadh.direito.ufmg.br\/index.php\/publicacoes\/\" \/>\n<meta property=\"og:locale\" content=\"pt_BR\" \/>\n<meta property=\"og:type\" content=\"article\" \/>\n<meta property=\"og:title\" content=\"Publica\u00e7\u00f5es - Cl\u00ednica de Direitos Humanos da UFMG\" \/>\n<meta property=\"og:description\" content=\"Nosso Livro Produ\u00e7\u00e3o Acad\u00eamica Produ\u00e7\u00e3o T\u00e9cnica Outras Produ\u00e7\u00f5es Conhe\u00e7a a colet\u00e2nea de artigos publicada pela Cl\u00ednica de Direitos Humanos da UFMG, em 2017, que re\u00fane relatos de experi\u00eancias de cl\u00ednicas jur\u00eddicas no Brasil Confira artigos cient\u00edficos e cap\u00edtulos de livros publicados em raz\u00e3o de pesquisas e trabalhos desenvolvidos pela equipe da CdH\/UFMG Veja as mais diversas produ\u00e7\u00f5es t\u00e9cnicas da Cl\u00ednica de Direitos Humanos da UFMG, vinculadas aos nossos projetos ativos e \u00e0queles j\u00e1 arquivados Aqui voc\u00ea confere algumas de nossas outras produ\u00e7\u00f5es como cartilhas educativas tem\u00e1ticas, p\u00edlulas de r\u00e1dio sobre direitos humanos, manifesta\u00e7\u00f5es diversas, etc. Confira aqui Confira aqui Confira aqui confira aqui\" \/>\n<meta property=\"og:url\" content=\"https:\/\/clinicadh.direito.ufmg.br\/index.php\/publicacoes\/\" \/>\n<meta property=\"og:site_name\" content=\"Cl\u00ednica de Direitos Humanos da UFMG\" \/>\n<meta property=\"article:publisher\" content=\"https:\/\/www.facebook.com\/cdhufmg\/?eid=ARBDSQLce69q0_8v--9A5W6uQzSMctjXi-aHCPLj-fZRI0TKZQaBy-H1YgM9D-FJc2tGPQyTyAg3EYce\" \/>\n<meta property=\"article:modified_time\" content=\"2020-11-16T14:37:04+00:00\" \/>\n<meta name=\"twitter:card\" content=\"summary_large_image\" \/>\n<meta name=\"twitter:label1\" content=\"Est. tempo de leitura\" \/>\n\t<meta name=\"twitter:data1\" content=\"1 minuto\" \/>\n<script type=\"application\/ld+json\" class=\"yoast-schema-graph\">{\"@context\":\"https:\/\/schema.org\",\"@graph\":[{\"@type\":\"WebPage\",\"@id\":\"https:\/\/clinicadh.direito.ufmg.br\/index.php\/publicacoes\/\",\"url\":\"https:\/\/clinicadh.direito.ufmg.br\/index.php\/publicacoes\/\",\"name\":\"Publica\u00e7\u00f5es - Cl\u00ednica de Direitos Humanos da UFMG\",\"isPartOf\":{\"@id\":\"https:\/\/clinicadh.direito.ufmg.br\/#website\"},\"datePublished\":\"2018-11-30T22:23:52+00:00\",\"dateModified\":\"2020-11-16T14:37:04+00:00\",\"breadcrumb\":{\"@id\":\"https:\/\/clinicadh.direito.ufmg.br\/index.php\/publicacoes\/#breadcrumb\"},\"inLanguage\":\"pt-BR\",\"potentialAction\":[{\"@type\":\"ReadAction\",\"target\":[\"https:\/\/clinicadh.direito.ufmg.br\/index.php\/publicacoes\/\"]}]},{\"@type\":\"BreadcrumbList\",\"@id\":\"https:\/\/clinicadh.direito.ufmg.br\/index.php\/publicacoes\/#breadcrumb\",\"itemListElement\":[{\"@type\":\"ListItem\",\"position\":1,\"name\":\"In\u00edcio\",\"item\":\"https:\/\/clinicadh.direito.ufmg.br\/\"},{\"@type\":\"ListItem\",\"position\":2,\"name\":\"Publica\u00e7\u00f5es\"}]},{\"@type\":\"WebSite\",\"@id\":\"https:\/\/clinicadh.direito.ufmg.br\/#website\",\"url\":\"https:\/\/clinicadh.direito.ufmg.br\/\",\"name\":\"Cl\u00ednica de Direitos Humanos da UFMG\",\"description\":\"Cl\u00ednica de Direitos Humanos da Universidade Federal de Minas Gerais\",\"publisher\":{\"@id\":\"https:\/\/clinicadh.direito.ufmg.br\/#organization\"},\"potentialAction\":[{\"@type\":\"SearchAction\",\"target\":{\"@type\":\"EntryPoint\",\"urlTemplate\":\"https:\/\/clinicadh.direito.ufmg.br\/?s={search_term_string}\"},\"query-input\":{\"@type\":\"PropertyValueSpecification\",\"valueRequired\":true,\"valueName\":\"search_term_string\"}}],\"inLanguage\":\"pt-BR\"},{\"@type\":\"Organization\",\"@id\":\"https:\/\/clinicadh.direito.ufmg.br\/#organization\",\"name\":\"Cl\u00ednica de Direitos Humanos da UFMG\",\"url\":\"https:\/\/clinicadh.direito.ufmg.br\/\",\"logo\":{\"@type\":\"ImageObject\",\"inLanguage\":\"pt-BR\",\"@id\":\"https:\/\/clinicadh.direito.ufmg.br\/#\/schema\/logo\/image\/\",\"url\":\"https:\/\/clinicadh.direito.ufmg.br\/wp-content\/uploads\/2015\/06\/c.jpg\",\"contentUrl\":\"https:\/\/clinicadh.direito.ufmg.br\/wp-content\/uploads\/2015\/06\/c.jpg\",\"width\":1200,\"height\":500,\"caption\":\"Cl\u00ednica de Direitos Humanos da UFMG\"},\"image\":{\"@id\":\"https:\/\/clinicadh.direito.ufmg.br\/#\/schema\/logo\/image\/\"},\"sameAs\":[\"https:\/\/www.facebook.com\/cdhufmg\/?eid=ARBDSQLce69q0_8v--9A5W6uQzSMctjXi-aHCPLj-fZRI0TKZQaBy-H1YgM9D-FJc2tGPQyTyAg3EYce\"]}]}<\/script>\n<!-- \/ Yoast SEO plugin. -->","yoast_head_json":{"title":"Publica\u00e7\u00f5es - Cl\u00ednica de Direitos Humanos da UFMG","robots":{"index":"index","follow":"follow","max-snippet":"max-snippet:-1","max-image-preview":"max-image-preview:large","max-video-preview":"max-video-preview:-1"},"canonical":"https:\/\/clinicadh.direito.ufmg.br\/index.php\/publicacoes\/","og_locale":"pt_BR","og_type":"article","og_title":"Publica\u00e7\u00f5es - Cl\u00ednica de Direitos Humanos da UFMG","og_description":"Nosso Livro Produ\u00e7\u00e3o Acad\u00eamica Produ\u00e7\u00e3o T\u00e9cnica Outras Produ\u00e7\u00f5es Conhe\u00e7a a colet\u00e2nea de artigos publicada pela Cl\u00ednica de Direitos Humanos da UFMG, em 2017, que re\u00fane relatos de experi\u00eancias de cl\u00ednicas jur\u00eddicas no Brasil Confira artigos cient\u00edficos e cap\u00edtulos de livros publicados em raz\u00e3o de pesquisas e trabalhos desenvolvidos pela equipe da CdH\/UFMG Veja as mais diversas produ\u00e7\u00f5es t\u00e9cnicas da Cl\u00ednica de Direitos Humanos da UFMG, vinculadas aos nossos projetos ativos e \u00e0queles j\u00e1 arquivados Aqui voc\u00ea confere algumas de nossas outras produ\u00e7\u00f5es como cartilhas educativas tem\u00e1ticas, p\u00edlulas de r\u00e1dio sobre direitos humanos, manifesta\u00e7\u00f5es diversas, etc. Confira aqui Confira aqui Confira aqui confira aqui","og_url":"https:\/\/clinicadh.direito.ufmg.br\/index.php\/publicacoes\/","og_site_name":"Cl\u00ednica de Direitos Humanos da UFMG","article_publisher":"https:\/\/www.facebook.com\/cdhufmg\/?eid=ARBDSQLce69q0_8v--9A5W6uQzSMctjXi-aHCPLj-fZRI0TKZQaBy-H1YgM9D-FJc2tGPQyTyAg3EYce","article_modified_time":"2020-11-16T14:37:04+00:00","twitter_card":"summary_large_image","twitter_misc":{"Est. tempo de leitura":"1 minuto"},"schema":{"@context":"https:\/\/schema.org","@graph":[{"@type":"WebPage","@id":"https:\/\/clinicadh.direito.ufmg.br\/index.php\/publicacoes\/","url":"https:\/\/clinicadh.direito.ufmg.br\/index.php\/publicacoes\/","name":"Publica\u00e7\u00f5es - Cl\u00ednica de Direitos Humanos da UFMG","isPartOf":{"@id":"https:\/\/clinicadh.direito.ufmg.br\/#website"},"datePublished":"2018-11-30T22:23:52+00:00","dateModified":"2020-11-16T14:37:04+00:00","breadcrumb":{"@id":"https:\/\/clinicadh.direito.ufmg.br\/index.php\/publicacoes\/#breadcrumb"},"inLanguage":"pt-BR","potentialAction":[{"@type":"ReadAction","target":["https:\/\/clinicadh.direito.ufmg.br\/index.php\/publicacoes\/"]}]},{"@type":"BreadcrumbList","@id":"https:\/\/clinicadh.direito.ufmg.br\/index.php\/publicacoes\/#breadcrumb","itemListElement":[{"@type":"ListItem","position":1,"name":"In\u00edcio","item":"https:\/\/clinicadh.direito.ufmg.br\/"},{"@type":"ListItem","position":2,"name":"Publica\u00e7\u00f5es"}]},{"@type":"WebSite","@id":"https:\/\/clinicadh.direito.ufmg.br\/#website","url":"https:\/\/clinicadh.direito.ufmg.br\/","name":"Cl\u00ednica de Direitos Humanos da UFMG","description":"Cl\u00ednica de Direitos Humanos da Universidade Federal de Minas Gerais","publisher":{"@id":"https:\/\/clinicadh.direito.ufmg.br\/#organization"},"potentialAction":[{"@type":"SearchAction","target":{"@type":"EntryPoint","urlTemplate":"https:\/\/clinicadh.direito.ufmg.br\/?s={search_term_string}"},"query-input":{"@type":"PropertyValueSpecification","valueRequired":true,"valueName":"search_term_string"}}],"inLanguage":"pt-BR"},{"@type":"Organization","@id":"https:\/\/clinicadh.direito.ufmg.br\/#organization","name":"Cl\u00ednica de Direitos Humanos da UFMG","url":"https:\/\/clinicadh.direito.ufmg.br\/","logo":{"@type":"ImageObject","inLanguage":"pt-BR","@id":"https:\/\/clinicadh.direito.ufmg.br\/#\/schema\/logo\/image\/","url":"https:\/\/clinicadh.direito.ufmg.br\/wp-content\/uploads\/2015\/06\/c.jpg","contentUrl":"https:\/\/clinicadh.direito.ufmg.br\/wp-content\/uploads\/2015\/06\/c.jpg","width":1200,"height":500,"caption":"Cl\u00ednica de Direitos Humanos da UFMG"},"image":{"@id":"https:\/\/clinicadh.direito.ufmg.br\/#\/schema\/logo\/image\/"},"sameAs":["https:\/\/www.facebook.com\/cdhufmg\/?eid=ARBDSQLce69q0_8v--9A5W6uQzSMctjXi-aHCPLj-fZRI0TKZQaBy-H1YgM9D-FJc2tGPQyTyAg3EYce"]}]}},"_links":{"self":[{"href":"https:\/\/clinicadh.direito.ufmg.br\/index.php\/wp-json\/wp\/v2\/pages\/23","targetHints":{"allow":["GET"]}}],"collection":[{"href":"https:\/\/clinicadh.direito.ufmg.br\/index.php\/wp-json\/wp\/v2\/pages"}],"about":[{"href":"https:\/\/clinicadh.direito.ufmg.br\/index.php\/wp-json\/wp\/v2\/types\/page"}],"author":[{"embeddable":true,"href":"https:\/\/clinicadh.direito.ufmg.br\/index.php\/wp-json\/wp\/v2\/users\/1"}],"replies":[{"embeddable":true,"href":"https:\/\/clinicadh.direito.ufmg.br\/index.php\/wp-json\/wp\/v2\/comments?post=23"}],"version-history":[{"count":0,"href":"https:\/\/clinicadh.direito.ufmg.br\/index.php\/wp-json\/wp\/v2\/pages\/23\/revisions"}],"wp:attachment":[{"href":"https:\/\/clinicadh.direito.ufmg.br\/index.php\/wp-json\/wp\/v2\/media?parent=23"}],"curies":[{"name":"wp","href":"https:\/\/api.w.org\/{rel}","templated":true}]}}