{"id":1092,"date":"2019-02-27T10:04:05","date_gmt":"2019-02-27T13:04:05","guid":{"rendered":"https:\/\/clinicadh.direito.ufmg.br\/?page_id=1092"},"modified":"2019-02-27T10:35:08","modified_gmt":"2019-02-27T13:35:08","slug":"projetos-anteriores","status":"publish","type":"page","link":"https:\/\/clinicadh.direito.ufmg.br\/index.php\/projetos-anteriores\/","title":{"rendered":"Projetos Anteriores"},"content":{"rendered":"<div id=\"comp-j8kbelvg\" class=\"txtNew\" data-packed=\"true\">\n<h2 class=\"font_5\">Combate \u00e0 viol\u00eancia de g\u00eanero nas m\u00eddias virtuais: o fen\u00f4meno da pornografia n\u00e3o consensual<\/h2>\n<figure style=\"width: 237px\" class=\"wp-caption aligncenter\"><img loading=\"lazy\" decoding=\"async\" src=\"https:\/\/static.wixstatic.com\/media\/c7de2b_b0335985d9d548c583c63c6e406b5e75.jpg\/v1\/fill\/w_237,h_341,al_c,q_80,usm_0.66_1.00_0.01\/c7de2b_b0335985d9d548c583c63c6e406b5e75.webp\" alt=\"\" width=\"237\" height=\"341\" \/><figcaption class=\"wp-caption-text\">Ilustra\u00e7\u00e3o por: Carol Rossetti.<\/figcaption><\/figure>\n<\/div>\n<div id=\"comp-j8kbelvh\" class=\"txtNew\" data-packed=\"true\">\n<p class=\"font_8\" style=\"text-align: justify;\">Esse projeto ampliado tem como objeto de trabalho o combate \u00e0s viola\u00e7\u00f5es de direitos causadas pela divulga\u00e7\u00e3o sem consentimento por meio, principalmente, da internet, de v\u00eddeos e\/ou fotos privadas de uma pessoa contendo cenas de nudez ou sexo. Assim, parte-se do entendimento de que tal pr\u00e1tica conhecida por \u201cpornografia n\u00e3o consensual\u201d, \u201c<em>revenge porn<\/em>\u201d ou \u201cpornografia de vingan\u00e7a\u201d coloca a v\u00edtima em situa\u00e7\u00e3o de vulnerabilidade e constrangimento, al\u00e9m de configurar viol\u00eancia de g\u00eanero.<\/p>\n<p class=\"font_8\" style=\"text-align: justify;\">Nesse sentido, os membros do n\u00facleo \u201cPornografia n\u00e3o Consensual\u201d tem seu trabalho voltado para o acompanhamento e promo\u00e7\u00e3o de debates acerca dos projetos de lei que versam sobre o tema e para a produ\u00e7\u00e3o de cartilhas e de campanhas virtuais e televisivas que ofere\u00e7am orienta\u00e7\u00e3o jur\u00eddica para as v\u00edtimas. Se prop\u00f5em a realizar, tamb\u00e9m, a partir do pr\u00f3ximo ano (2016), o encaminhamento e acompanhamento de casos versando sobre pornografia n\u00e3o consensual a n\u00facleos de advocacia popular, mormente \u00e0 Divis\u00e3o de Assist\u00eancia Judici\u00e1ria da UFMG, para que sejam judicializados, bem como a instituir um projeto de capacita\u00e7\u00f5es sobre g\u00eanero, sexualidade e viol\u00eancias de g\u00eanero em escolas da rede p\u00fablica de Belo Horizonte.<\/p>\n<p>&nbsp;<\/p>\n<p><iframe loading=\"lazy\" width=\"960\" height=\"720\" src=\"https:\/\/www.youtube.com\/embed\/gNgIXKOkOug?feature=oembed\" frameborder=\"0\" allow=\"accelerometer; autoplay; encrypted-media; gyroscope; picture-in-picture\" allowfullscreen><\/iframe><\/p>\n<div id=\"comp-j8kbelvi\" class=\"txtNew\" data-packed=\"true\">\n<h3><\/h3>\n<h3 class=\"font_6\"><span class=\"color_2\">Recomenda\u00e7\u00e3o: PL 5555<\/span><\/h3>\n<\/div>\n<div id=\"comp-j8kbelvh1\" class=\"txtNew\" data-packed=\"true\">\n<p class=\"font_8\" style=\"text-align: justify;\">Em 2015, a CdH elaborou uma recomenda\u00e7\u00e3o sobre o Projeto de Lei 5555\/13, que prev\u00ea a tipifica\u00e7\u00e3o da pornografia n\u00e3o consensual, apresentada em Audi\u00eancia P\u00fablica no Senado Federal. Os membros se prop\u00f5em a realizar, tamb\u00e9m, a partir de 2016, o encaminhamento e acompanhamento de casos versando sobre pornografia n\u00e3o consensual a n\u00facleos de advocacia popular, mormente \u00e0 Divis\u00e3o de Assist\u00eancia Judici\u00e1ria da UFMG, para que sejam judicializados, bem como a instituir um projeto de capacita\u00e7\u00f5es sobre g\u00eanero, sexualidade e viol\u00eancias de g\u00eanero em escolas da rede p\u00fablica de Belo Horizonte.<\/p>\n<\/div>\n<div id=\"comp-j8kbfcgx\" class=\"txtNew\" data-packed=\"true\">\n<p class=\"font_8\" style=\"text-align: justify;\">Acesse j\u00e1 a Recomenda\u00e7\u00e3o da Cl\u00ednica de Direitos Humanos da UFMG sobre o Projeto de Lei 5555\/13, que prev\u00ea a tipifica\u00e7\u00e3o da pornografia n\u00e3o consensual, dispon\u00edvel <a href=\"https:\/\/clinicadh.direito.ufmg.br\/index.php\/tecnicas\/\">aqui<\/a>.<\/p>\n<\/div>\n<\/div>\n","protected":false},"excerpt":{"rendered":"<p>Combate \u00e0 viol\u00eancia de g\u00eanero nas m\u00eddias virtuais: o fen\u00f4meno da pornografia n\u00e3o consensual Esse projeto ampliado tem como objeto de trabalho o combate \u00e0s viola\u00e7\u00f5es de direitos causadas pela divulga\u00e7\u00e3o sem consentimento por meio, principalmente, da internet, de v\u00eddeos e\/ou fotos privadas de uma pessoa contendo cenas de nudez ou sexo. Assim, parte-se do entendimento de que tal pr\u00e1tica conhecida por \u201cpornografia n\u00e3o consensual\u201d, \u201crevenge porn\u201d ou \u201cpornografia de vingan\u00e7a\u201d coloca a v\u00edtima em situa\u00e7\u00e3o de vulnerabilidade e constrangimento, al\u00e9m de configurar viol\u00eancia de g\u00eanero. Nesse sentido, os membros do n\u00facleo \u201cPornografia n\u00e3o Consensual\u201d tem seu trabalho voltado para o acompanhamento e promo\u00e7\u00e3o de debates acerca dos projetos de lei que versam sobre o tema e para a produ\u00e7\u00e3o de cartilhas e de campanhas virtuais e televisivas que ofere\u00e7am orienta\u00e7\u00e3o jur\u00eddica para as v\u00edtimas. Se prop\u00f5em a realizar, tamb\u00e9m, a partir do pr\u00f3ximo ano (2016), o encaminhamento e acompanhamento de casos versando sobre pornografia n\u00e3o consensual a n\u00facleos de advocacia popular, mormente \u00e0 Divis\u00e3o de Assist\u00eancia Judici\u00e1ria da UFMG, para que sejam judicializados, bem como a instituir um projeto de capacita\u00e7\u00f5es sobre g\u00eanero, sexualidade e viol\u00eancias de g\u00eanero em escolas da rede p\u00fablica de Belo Horizonte. &nbsp; Recomenda\u00e7\u00e3o: PL 5555 Em 2015, a CdH elaborou uma recomenda\u00e7\u00e3o sobre o Projeto de Lei 5555\/13, que prev\u00ea a tipifica\u00e7\u00e3o da pornografia n\u00e3o consensual, apresentada em Audi\u00eancia P\u00fablica no Senado Federal. Os membros se prop\u00f5em a realizar, tamb\u00e9m, a partir de 2016, o encaminhamento e acompanhamento de casos versando sobre pornografia n\u00e3o consensual a n\u00facleos de advocacia popular, mormente \u00e0 Divis\u00e3o de Assist\u00eancia Judici\u00e1ria da UFMG, para que sejam judicializados, bem como a instituir um projeto de capacita\u00e7\u00f5es sobre g\u00eanero, sexualidade e viol\u00eancias de g\u00eanero em escolas da rede p\u00fablica de Belo Horizonte. Acesse j\u00e1 a Recomenda\u00e7\u00e3o da Cl\u00ednica de Direitos Humanos da UFMG sobre o Projeto de Lei 5555\/13, que prev\u00ea a tipifica\u00e7\u00e3o da pornografia n\u00e3o consensual, dispon\u00edvel aqui.<\/p>\n","protected":false},"author":2,"featured_media":0,"parent":0,"menu_order":0,"comment_status":"closed","ping_status":"closed","template":"","meta":{"footnotes":""},"class_list":["post-1092","page","type-page","status-publish","hentry"],"yoast_head":"<!-- This site is optimized with the Yoast SEO plugin v25.3 - https:\/\/yoast.com\/wordpress\/plugins\/seo\/ -->\n<title>Projetos Anteriores - Cl\u00ednica de Direitos Humanos da UFMG<\/title>\n<meta name=\"robots\" content=\"index, follow, max-snippet:-1, max-image-preview:large, max-video-preview:-1\" \/>\n<link rel=\"canonical\" href=\"https:\/\/clinicadh.direito.ufmg.br\/index.php\/projetos-anteriores\/\" \/>\n<meta property=\"og:locale\" content=\"pt_BR\" \/>\n<meta property=\"og:type\" content=\"article\" \/>\n<meta property=\"og:title\" content=\"Projetos Anteriores - Cl\u00ednica de Direitos Humanos da UFMG\" \/>\n<meta property=\"og:description\" content=\"Combate \u00e0 viol\u00eancia de g\u00eanero nas m\u00eddias virtuais: o fen\u00f4meno da pornografia n\u00e3o consensual Esse projeto ampliado tem como objeto de trabalho o combate \u00e0s viola\u00e7\u00f5es de direitos causadas pela divulga\u00e7\u00e3o sem consentimento por meio, principalmente, da internet, de v\u00eddeos e\/ou fotos privadas de uma pessoa contendo cenas de nudez ou sexo. Assim, parte-se do entendimento de que tal pr\u00e1tica conhecida por \u201cpornografia n\u00e3o consensual\u201d, \u201crevenge porn\u201d ou \u201cpornografia de vingan\u00e7a\u201d coloca a v\u00edtima em situa\u00e7\u00e3o de vulnerabilidade e constrangimento, al\u00e9m de configurar viol\u00eancia de g\u00eanero. Nesse sentido, os membros do n\u00facleo \u201cPornografia n\u00e3o Consensual\u201d tem seu trabalho voltado para o acompanhamento e promo\u00e7\u00e3o de debates acerca dos projetos de lei que versam sobre o tema e para a produ\u00e7\u00e3o de cartilhas e de campanhas virtuais e televisivas que ofere\u00e7am orienta\u00e7\u00e3o jur\u00eddica para as v\u00edtimas. Se prop\u00f5em a realizar, tamb\u00e9m, a partir do pr\u00f3ximo ano (2016), o encaminhamento e acompanhamento de casos versando sobre pornografia n\u00e3o consensual a n\u00facleos de advocacia popular, mormente \u00e0 Divis\u00e3o de Assist\u00eancia Judici\u00e1ria da UFMG, para que sejam judicializados, bem como a instituir um projeto de capacita\u00e7\u00f5es sobre g\u00eanero, sexualidade e viol\u00eancias de g\u00eanero em escolas da rede p\u00fablica de Belo Horizonte. &nbsp; Recomenda\u00e7\u00e3o: PL 5555 Em 2015, a CdH elaborou uma recomenda\u00e7\u00e3o sobre o Projeto de Lei 5555\/13, que prev\u00ea a tipifica\u00e7\u00e3o da pornografia n\u00e3o consensual, apresentada em Audi\u00eancia P\u00fablica no Senado Federal. Os membros se prop\u00f5em a realizar, tamb\u00e9m, a partir de 2016, o encaminhamento e acompanhamento de casos versando sobre pornografia n\u00e3o consensual a n\u00facleos de advocacia popular, mormente \u00e0 Divis\u00e3o de Assist\u00eancia Judici\u00e1ria da UFMG, para que sejam judicializados, bem como a instituir um projeto de capacita\u00e7\u00f5es sobre g\u00eanero, sexualidade e viol\u00eancias de g\u00eanero em escolas da rede p\u00fablica de Belo Horizonte. Acesse j\u00e1 a Recomenda\u00e7\u00e3o da Cl\u00ednica de Direitos Humanos da UFMG sobre o Projeto de Lei 5555\/13, que prev\u00ea a tipifica\u00e7\u00e3o da pornografia n\u00e3o consensual, dispon\u00edvel aqui.\" \/>\n<meta property=\"og:url\" content=\"https:\/\/clinicadh.direito.ufmg.br\/index.php\/projetos-anteriores\/\" \/>\n<meta property=\"og:site_name\" content=\"Cl\u00ednica de Direitos Humanos da UFMG\" \/>\n<meta property=\"article:publisher\" content=\"https:\/\/www.facebook.com\/cdhufmg\/?eid=ARBDSQLce69q0_8v--9A5W6uQzSMctjXi-aHCPLj-fZRI0TKZQaBy-H1YgM9D-FJc2tGPQyTyAg3EYce\" \/>\n<meta property=\"article:modified_time\" content=\"2019-02-27T13:35:08+00:00\" \/>\n<meta property=\"og:image\" content=\"https:\/\/static.wixstatic.com\/media\/c7de2b_b0335985d9d548c583c63c6e406b5e75.jpg\/v1\/fill\/w_237,h_341,al_c,q_80,usm_0.66_1.00_0.01\/c7de2b_b0335985d9d548c583c63c6e406b5e75.webp\" \/>\n<meta name=\"twitter:card\" content=\"summary_large_image\" \/>\n<meta name=\"twitter:label1\" content=\"Est. tempo de leitura\" \/>\n\t<meta name=\"twitter:data1\" content=\"2 minutos\" \/>\n<script type=\"application\/ld+json\" class=\"yoast-schema-graph\">{\"@context\":\"https:\/\/schema.org\",\"@graph\":[{\"@type\":\"WebPage\",\"@id\":\"https:\/\/clinicadh.direito.ufmg.br\/index.php\/projetos-anteriores\/\",\"url\":\"https:\/\/clinicadh.direito.ufmg.br\/index.php\/projetos-anteriores\/\",\"name\":\"Projetos Anteriores - Cl\u00ednica de Direitos Humanos da UFMG\",\"isPartOf\":{\"@id\":\"https:\/\/clinicadh.direito.ufmg.br\/#website\"},\"primaryImageOfPage\":{\"@id\":\"https:\/\/clinicadh.direito.ufmg.br\/index.php\/projetos-anteriores\/#primaryimage\"},\"image\":{\"@id\":\"https:\/\/clinicadh.direito.ufmg.br\/index.php\/projetos-anteriores\/#primaryimage\"},\"thumbnailUrl\":\"https:\/\/static.wixstatic.com\/media\/c7de2b_b0335985d9d548c583c63c6e406b5e75.jpg\/v1\/fill\/w_237,h_341,al_c,q_80,usm_0.66_1.00_0.01\/c7de2b_b0335985d9d548c583c63c6e406b5e75.webp\",\"datePublished\":\"2019-02-27T13:04:05+00:00\",\"dateModified\":\"2019-02-27T13:35:08+00:00\",\"breadcrumb\":{\"@id\":\"https:\/\/clinicadh.direito.ufmg.br\/index.php\/projetos-anteriores\/#breadcrumb\"},\"inLanguage\":\"pt-BR\",\"potentialAction\":[{\"@type\":\"ReadAction\",\"target\":[\"https:\/\/clinicadh.direito.ufmg.br\/index.php\/projetos-anteriores\/\"]}]},{\"@type\":\"ImageObject\",\"inLanguage\":\"pt-BR\",\"@id\":\"https:\/\/clinicadh.direito.ufmg.br\/index.php\/projetos-anteriores\/#primaryimage\",\"url\":\"https:\/\/static.wixstatic.com\/media\/c7de2b_b0335985d9d548c583c63c6e406b5e75.jpg\/v1\/fill\/w_237,h_341,al_c,q_80,usm_0.66_1.00_0.01\/c7de2b_b0335985d9d548c583c63c6e406b5e75.webp\",\"contentUrl\":\"https:\/\/static.wixstatic.com\/media\/c7de2b_b0335985d9d548c583c63c6e406b5e75.jpg\/v1\/fill\/w_237,h_341,al_c,q_80,usm_0.66_1.00_0.01\/c7de2b_b0335985d9d548c583c63c6e406b5e75.webp\"},{\"@type\":\"BreadcrumbList\",\"@id\":\"https:\/\/clinicadh.direito.ufmg.br\/index.php\/projetos-anteriores\/#breadcrumb\",\"itemListElement\":[{\"@type\":\"ListItem\",\"position\":1,\"name\":\"In\u00edcio\",\"item\":\"https:\/\/clinicadh.direito.ufmg.br\/\"},{\"@type\":\"ListItem\",\"position\":2,\"name\":\"Projetos Anteriores\"}]},{\"@type\":\"WebSite\",\"@id\":\"https:\/\/clinicadh.direito.ufmg.br\/#website\",\"url\":\"https:\/\/clinicadh.direito.ufmg.br\/\",\"name\":\"Cl\u00ednica de Direitos Humanos da UFMG\",\"description\":\"Cl\u00ednica de Direitos Humanos da Universidade Federal de Minas Gerais\",\"publisher\":{\"@id\":\"https:\/\/clinicadh.direito.ufmg.br\/#organization\"},\"potentialAction\":[{\"@type\":\"SearchAction\",\"target\":{\"@type\":\"EntryPoint\",\"urlTemplate\":\"https:\/\/clinicadh.direito.ufmg.br\/?s={search_term_string}\"},\"query-input\":{\"@type\":\"PropertyValueSpecification\",\"valueRequired\":true,\"valueName\":\"search_term_string\"}}],\"inLanguage\":\"pt-BR\"},{\"@type\":\"Organization\",\"@id\":\"https:\/\/clinicadh.direito.ufmg.br\/#organization\",\"name\":\"Cl\u00ednica de Direitos Humanos da UFMG\",\"url\":\"https:\/\/clinicadh.direito.ufmg.br\/\",\"logo\":{\"@type\":\"ImageObject\",\"inLanguage\":\"pt-BR\",\"@id\":\"https:\/\/clinicadh.direito.ufmg.br\/#\/schema\/logo\/image\/\",\"url\":\"https:\/\/clinicadh.direito.ufmg.br\/wp-content\/uploads\/2015\/06\/c.jpg\",\"contentUrl\":\"https:\/\/clinicadh.direito.ufmg.br\/wp-content\/uploads\/2015\/06\/c.jpg\",\"width\":1200,\"height\":500,\"caption\":\"Cl\u00ednica de Direitos Humanos da UFMG\"},\"image\":{\"@id\":\"https:\/\/clinicadh.direito.ufmg.br\/#\/schema\/logo\/image\/\"},\"sameAs\":[\"https:\/\/www.facebook.com\/cdhufmg\/?eid=ARBDSQLce69q0_8v--9A5W6uQzSMctjXi-aHCPLj-fZRI0TKZQaBy-H1YgM9D-FJc2tGPQyTyAg3EYce\"]}]}<\/script>\n<!-- \/ Yoast SEO plugin. -->","yoast_head_json":{"title":"Projetos Anteriores - Cl\u00ednica de Direitos Humanos da UFMG","robots":{"index":"index","follow":"follow","max-snippet":"max-snippet:-1","max-image-preview":"max-image-preview:large","max-video-preview":"max-video-preview:-1"},"canonical":"https:\/\/clinicadh.direito.ufmg.br\/index.php\/projetos-anteriores\/","og_locale":"pt_BR","og_type":"article","og_title":"Projetos Anteriores - Cl\u00ednica de Direitos Humanos da UFMG","og_description":"Combate \u00e0 viol\u00eancia de g\u00eanero nas m\u00eddias virtuais: o fen\u00f4meno da pornografia n\u00e3o consensual Esse projeto ampliado tem como objeto de trabalho o combate \u00e0s viola\u00e7\u00f5es de direitos causadas pela divulga\u00e7\u00e3o sem consentimento por meio, principalmente, da internet, de v\u00eddeos e\/ou fotos privadas de uma pessoa contendo cenas de nudez ou sexo. Assim, parte-se do entendimento de que tal pr\u00e1tica conhecida por \u201cpornografia n\u00e3o consensual\u201d, \u201crevenge porn\u201d ou \u201cpornografia de vingan\u00e7a\u201d coloca a v\u00edtima em situa\u00e7\u00e3o de vulnerabilidade e constrangimento, al\u00e9m de configurar viol\u00eancia de g\u00eanero. Nesse sentido, os membros do n\u00facleo \u201cPornografia n\u00e3o Consensual\u201d tem seu trabalho voltado para o acompanhamento e promo\u00e7\u00e3o de debates acerca dos projetos de lei que versam sobre o tema e para a produ\u00e7\u00e3o de cartilhas e de campanhas virtuais e televisivas que ofere\u00e7am orienta\u00e7\u00e3o jur\u00eddica para as v\u00edtimas. Se prop\u00f5em a realizar, tamb\u00e9m, a partir do pr\u00f3ximo ano (2016), o encaminhamento e acompanhamento de casos versando sobre pornografia n\u00e3o consensual a n\u00facleos de advocacia popular, mormente \u00e0 Divis\u00e3o de Assist\u00eancia Judici\u00e1ria da UFMG, para que sejam judicializados, bem como a instituir um projeto de capacita\u00e7\u00f5es sobre g\u00eanero, sexualidade e viol\u00eancias de g\u00eanero em escolas da rede p\u00fablica de Belo Horizonte. &nbsp; Recomenda\u00e7\u00e3o: PL 5555 Em 2015, a CdH elaborou uma recomenda\u00e7\u00e3o sobre o Projeto de Lei 5555\/13, que prev\u00ea a tipifica\u00e7\u00e3o da pornografia n\u00e3o consensual, apresentada em Audi\u00eancia P\u00fablica no Senado Federal. Os membros se prop\u00f5em a realizar, tamb\u00e9m, a partir de 2016, o encaminhamento e acompanhamento de casos versando sobre pornografia n\u00e3o consensual a n\u00facleos de advocacia popular, mormente \u00e0 Divis\u00e3o de Assist\u00eancia Judici\u00e1ria da UFMG, para que sejam judicializados, bem como a instituir um projeto de capacita\u00e7\u00f5es sobre g\u00eanero, sexualidade e viol\u00eancias de g\u00eanero em escolas da rede p\u00fablica de Belo Horizonte. Acesse j\u00e1 a Recomenda\u00e7\u00e3o da Cl\u00ednica de Direitos Humanos da UFMG sobre o Projeto de Lei 5555\/13, que prev\u00ea a tipifica\u00e7\u00e3o da pornografia n\u00e3o consensual, dispon\u00edvel aqui.","og_url":"https:\/\/clinicadh.direito.ufmg.br\/index.php\/projetos-anteriores\/","og_site_name":"Cl\u00ednica de Direitos Humanos da UFMG","article_publisher":"https:\/\/www.facebook.com\/cdhufmg\/?eid=ARBDSQLce69q0_8v--9A5W6uQzSMctjXi-aHCPLj-fZRI0TKZQaBy-H1YgM9D-FJc2tGPQyTyAg3EYce","article_modified_time":"2019-02-27T13:35:08+00:00","og_image":[{"url":"https:\/\/static.wixstatic.com\/media\/c7de2b_b0335985d9d548c583c63c6e406b5e75.jpg\/v1\/fill\/w_237,h_341,al_c,q_80,usm_0.66_1.00_0.01\/c7de2b_b0335985d9d548c583c63c6e406b5e75.webp","type":"","width":"","height":""}],"twitter_card":"summary_large_image","twitter_misc":{"Est. tempo de leitura":"2 minutos"},"schema":{"@context":"https:\/\/schema.org","@graph":[{"@type":"WebPage","@id":"https:\/\/clinicadh.direito.ufmg.br\/index.php\/projetos-anteriores\/","url":"https:\/\/clinicadh.direito.ufmg.br\/index.php\/projetos-anteriores\/","name":"Projetos Anteriores - Cl\u00ednica de Direitos Humanos da UFMG","isPartOf":{"@id":"https:\/\/clinicadh.direito.ufmg.br\/#website"},"primaryImageOfPage":{"@id":"https:\/\/clinicadh.direito.ufmg.br\/index.php\/projetos-anteriores\/#primaryimage"},"image":{"@id":"https:\/\/clinicadh.direito.ufmg.br\/index.php\/projetos-anteriores\/#primaryimage"},"thumbnailUrl":"https:\/\/static.wixstatic.com\/media\/c7de2b_b0335985d9d548c583c63c6e406b5e75.jpg\/v1\/fill\/w_237,h_341,al_c,q_80,usm_0.66_1.00_0.01\/c7de2b_b0335985d9d548c583c63c6e406b5e75.webp","datePublished":"2019-02-27T13:04:05+00:00","dateModified":"2019-02-27T13:35:08+00:00","breadcrumb":{"@id":"https:\/\/clinicadh.direito.ufmg.br\/index.php\/projetos-anteriores\/#breadcrumb"},"inLanguage":"pt-BR","potentialAction":[{"@type":"ReadAction","target":["https:\/\/clinicadh.direito.ufmg.br\/index.php\/projetos-anteriores\/"]}]},{"@type":"ImageObject","inLanguage":"pt-BR","@id":"https:\/\/clinicadh.direito.ufmg.br\/index.php\/projetos-anteriores\/#primaryimage","url":"https:\/\/static.wixstatic.com\/media\/c7de2b_b0335985d9d548c583c63c6e406b5e75.jpg\/v1\/fill\/w_237,h_341,al_c,q_80,usm_0.66_1.00_0.01\/c7de2b_b0335985d9d548c583c63c6e406b5e75.webp","contentUrl":"https:\/\/static.wixstatic.com\/media\/c7de2b_b0335985d9d548c583c63c6e406b5e75.jpg\/v1\/fill\/w_237,h_341,al_c,q_80,usm_0.66_1.00_0.01\/c7de2b_b0335985d9d548c583c63c6e406b5e75.webp"},{"@type":"BreadcrumbList","@id":"https:\/\/clinicadh.direito.ufmg.br\/index.php\/projetos-anteriores\/#breadcrumb","itemListElement":[{"@type":"ListItem","position":1,"name":"In\u00edcio","item":"https:\/\/clinicadh.direito.ufmg.br\/"},{"@type":"ListItem","position":2,"name":"Projetos Anteriores"}]},{"@type":"WebSite","@id":"https:\/\/clinicadh.direito.ufmg.br\/#website","url":"https:\/\/clinicadh.direito.ufmg.br\/","name":"Cl\u00ednica de Direitos Humanos da UFMG","description":"Cl\u00ednica de Direitos Humanos da Universidade Federal de Minas Gerais","publisher":{"@id":"https:\/\/clinicadh.direito.ufmg.br\/#organization"},"potentialAction":[{"@type":"SearchAction","target":{"@type":"EntryPoint","urlTemplate":"https:\/\/clinicadh.direito.ufmg.br\/?s={search_term_string}"},"query-input":{"@type":"PropertyValueSpecification","valueRequired":true,"valueName":"search_term_string"}}],"inLanguage":"pt-BR"},{"@type":"Organization","@id":"https:\/\/clinicadh.direito.ufmg.br\/#organization","name":"Cl\u00ednica de Direitos Humanos da UFMG","url":"https:\/\/clinicadh.direito.ufmg.br\/","logo":{"@type":"ImageObject","inLanguage":"pt-BR","@id":"https:\/\/clinicadh.direito.ufmg.br\/#\/schema\/logo\/image\/","url":"https:\/\/clinicadh.direito.ufmg.br\/wp-content\/uploads\/2015\/06\/c.jpg","contentUrl":"https:\/\/clinicadh.direito.ufmg.br\/wp-content\/uploads\/2015\/06\/c.jpg","width":1200,"height":500,"caption":"Cl\u00ednica de Direitos Humanos da UFMG"},"image":{"@id":"https:\/\/clinicadh.direito.ufmg.br\/#\/schema\/logo\/image\/"},"sameAs":["https:\/\/www.facebook.com\/cdhufmg\/?eid=ARBDSQLce69q0_8v--9A5W6uQzSMctjXi-aHCPLj-fZRI0TKZQaBy-H1YgM9D-FJc2tGPQyTyAg3EYce"]}]}},"_links":{"self":[{"href":"https:\/\/clinicadh.direito.ufmg.br\/index.php\/wp-json\/wp\/v2\/pages\/1092","targetHints":{"allow":["GET"]}}],"collection":[{"href":"https:\/\/clinicadh.direito.ufmg.br\/index.php\/wp-json\/wp\/v2\/pages"}],"about":[{"href":"https:\/\/clinicadh.direito.ufmg.br\/index.php\/wp-json\/wp\/v2\/types\/page"}],"author":[{"embeddable":true,"href":"https:\/\/clinicadh.direito.ufmg.br\/index.php\/wp-json\/wp\/v2\/users\/2"}],"replies":[{"embeddable":true,"href":"https:\/\/clinicadh.direito.ufmg.br\/index.php\/wp-json\/wp\/v2\/comments?post=1092"}],"version-history":[{"count":0,"href":"https:\/\/clinicadh.direito.ufmg.br\/index.php\/wp-json\/wp\/v2\/pages\/1092\/revisions"}],"wp:attachment":[{"href":"https:\/\/clinicadh.direito.ufmg.br\/index.php\/wp-json\/wp\/v2\/media?parent=1092"}],"curies":[{"name":"wp","href":"https:\/\/api.w.org\/{rel}","templated":true}]}}